{"id":987,"date":"2025-09-24T13:14:50","date_gmt":"2025-09-24T13:14:50","guid":{"rendered":"https:\/\/restaurantlafilledesvignes.fr\/contact\/"},"modified":"2026-04-01T13:14:51","modified_gmt":"2026-04-01T13:14:51","slug":"contact","status":"publish","type":"page","link":"https:\/\/restaurantlafilledesvignes.fr\/en\/contact\/","title":{"rendered":"CONTACT US <\/br> La Fille des Vignes &#8211; Uz\u00e8s"},"content":{"rendered":"\n<div class=\"wp-block-group alignwide\"><div class=\"wp-block-group__inner-container is-layout-constrained wp-block-group-is-layout-constrained\">\n<div class=\"wp-block-columns alignwide are-vertically-aligned-top ticss-08bf6e4e is-layout-flex wp-container-core-columns-is-layout-1e297cbc wp-block-columns-is-layout-flex\" style=\"padding-top:var(--wp--preset--spacing--70);padding-bottom:var(--wp--preset--spacing--70)\">\n<div class=\"wp-block-column is-vertically-aligned-top ticss-a9fdc2de is-layout-flow wp-block-column-is-layout-flow\"><div class=\"wp-block-image\">\n<figure class=\"aligncenter size-full is-resized\"><img decoding=\"async\" width=\"500\" height=\"500\" src=\"https:\/\/restaurantlafilledesvignes.fr\/wp-content\/uploads\/2025\/09\/Lieu.png\" alt=\"\" class=\"wp-image-991\" style=\"width:auto;height:125px\" srcset=\"https:\/\/restaurantlafilledesvignes.fr\/wp-content\/uploads\/2025\/09\/Lieu.png 500w, https:\/\/restaurantlafilledesvignes.fr\/wp-content\/uploads\/2025\/09\/Lieu-300x300.png 300w, https:\/\/restaurantlafilledesvignes.fr\/wp-content\/uploads\/2025\/09\/Lieu-150x150.png 150w\" sizes=\"(max-width: 500px) 100vw, 500px\" \/><\/figure>\n<\/div>\n\n\n<h5 class=\"wp-block-heading has-text-align-center ticss-d43f0d98 has-accent-color has-text-color has-link-color has-medium-font-size wp-elements-0da47fa7317da834fe4bedc4f6a1a641\" style=\"margin-top:var(--wp--preset--spacing--60);margin-bottom:var(--wp--preset--spacing--60)\"><strong>Nous Trouver<\/strong><\/h5>\n\n\n\n<p class=\"has-text-align-center ticss-9a865b69 has-black-color has-text-color has-link-color wp-elements-96f3e113e8d2c51131c577a2ba41854f\">18 place Albert 1er<br>30700 UZES<\/p>\n<\/div>\n\n\n\n<div class=\"wp-block-column is-vertically-aligned-top ticss-e3ef1e64 is-layout-flow wp-block-column-is-layout-flow\"><div class=\"wp-block-image\">\n<figure class=\"aligncenter size-full is-resized\"><img decoding=\"async\" width=\"500\" height=\"500\" src=\"https:\/\/restaurantlafilledesvignes.fr\/wp-content\/uploads\/2025\/09\/Contact.png\" alt=\"\" class=\"wp-image-993\" style=\"width:auto;height:125px\" srcset=\"https:\/\/restaurantlafilledesvignes.fr\/wp-content\/uploads\/2025\/09\/Contact.png 500w, https:\/\/restaurantlafilledesvignes.fr\/wp-content\/uploads\/2025\/09\/Contact-300x300.png 300w, https:\/\/restaurantlafilledesvignes.fr\/wp-content\/uploads\/2025\/09\/Contact-150x150.png 150w\" sizes=\"(max-width: 500px) 100vw, 500px\" \/><\/figure>\n<\/div>\n\n\n<h5 class=\"wp-block-heading has-text-align-center ticss-9a8bdc17 has-accent-color has-text-color has-link-color has-medium-font-size wp-elements-eb605c4a8e62db8da826aaddc56a8a12\" style=\"margin-top:var(--wp--preset--spacing--60);margin-bottom:var(--wp--preset--spacing--60)\"><strong>Nous Joindre<\/strong><\/h5>\n\n\n\n<p class=\"has-text-align-center ticss-b19cb2ef has-black-color has-text-color has-link-color wp-elements-8340fe87ce85d6176c1ef585e83516ff\">04 66 04 17 46<br>restaurantfdv@outlook.fr<\/p>\n<\/div>\n<\/div>\n<\/div><\/div>\n\n\n\n<p class=\"has-text-align-center ticss-206700ed has-accent-color has-text-color has-link-color has-medium-font-size wp-elements-16340e4cbc3da080281000265847509c\" style=\"margin-top:0;margin-bottom:0\"><strong>Nous sommes ouverts tous les jours de 9h \u00e0 23h.<\/strong><\/p>\n\n\n\n<div class=\"wp-block-columns alignwide are-vertically-aligned-top has-small-font-size is-layout-flex wp-container-core-columns-is-layout-a54e0cfc wp-block-columns-is-layout-flex\" style=\"padding-top:var(--wp--preset--spacing--60);padding-bottom:var(--wp--preset--spacing--60)\">\n<div class=\"wp-block-column is-vertically-aligned-top is-layout-flow wp-block-column-is-layout-flow\">\n<p class=\"has-text-align-center ticss-00fd9dba has-black-color has-text-color has-link-color wp-elements-2af3d8dbbce13f91e88d6bb16f2f15a9\" style=\"font-size:1.4em\"><strong>Service du midi : <br><\/strong>Lundi, mardi, jeudi et vendredi : 12h &#8211; 14h<br>Mercredi et week-end : 12h &#8211; 14h30<\/p>\n<\/div>\n\n\n\n<div class=\"wp-block-column is-vertically-aligned-top ticss-3c5c5ef4 is-layout-flow wp-block-column-is-layout-flow\">\n<p class=\"has-text-align-center has-black-color has-text-color has-link-color wp-elements-cfbb5f7911766a7f5b020a3bf7a25e9f\" style=\"margin-top:0;margin-right:var(--wp--preset--spacing--60);margin-bottom:0;margin-left:var(--wp--preset--spacing--60);font-size:1.4em\"><strong>Service du soir :<br><\/strong>Du lundi au vendredi : 19h &#8211; 21h<br>Week-end : 19h &#8211; 21h30<\/p>\n<\/div>\n<\/div>\n\n\n\n<hr class=\"wp-block-separator has-text-color has-accent-color has-alpha-channel-opacity has-accent-background-color has-background\" style=\"margin-top:var(--wp--preset--spacing--70);margin-bottom:var(--wp--preset--spacing--70)\"\/>\n\n\n\n<div class=\"wp-block-buttons alignwide is-content-justification-center is-nowrap is-layout-flex wp-container-core-buttons-is-layout-12a27398 wp-block-buttons-is-layout-flex\">\n<div class=\"wp-block-button has-custom-width wp-block-button__width-100 ticss-66c612ff\"><a class=\"wp-block-button__link has-background-color-color has-accent-background-color has-text-color has-background has-link-color wp-element-button\" href=\"https:\/\/bookings.zenchef.com\/results?rid=374995&amp;pid=1001\" target=\"_blank\" rel=\"noreferrer noopener\"><strong>R\u00e9server une table<\/strong><\/a><\/div>\n<\/div>\n\n\n\n<hr class=\"wp-block-separator has-text-color has-accent-color has-alpha-channel-opacity has-accent-background-color has-background\" style=\"margin-top:var(--wp--preset--spacing--70);margin-bottom:var(--wp--preset--spacing--70)\"\/>\n\n\n<div style=\"height:400pxpx;\" class=\"alignwide alignwide wp-block-themeisle-blocks-leaflet-map\" id=\"wp-block-themeisle-blocks-leaflet-map-1f39c58c\"><\/div>\n<script type=\"text\/javascript\">\n\t\/* <![CDATA[ *\/\n\t\tif ( ! window.themeisleLeafletMaps ) window.themeisleLeafletMaps =[];\n\t\twindow.themeisleLeafletMaps.push( { container: \"wp-block-themeisle-blocks-leaflet-map-1f39c58c\", attributes: {\"id\":\"wp-block-themeisle-blocks-leaflet-map-1f39c58c\",\"location\":\"La Fille des Vignes\",\"latitude\":\"44.01409861814948\",\"longitude\":\"4.419368505477906\",\"bbox\":\"4.416418075561524,44.01332702866531,4.422318935394288,44.01487019759456\",\"zoom\":18,\"markers\":[{\"id\":\"88e2c607-ea4c-48bc-96eb-1dc0296ac42e\",\"latitude\":44.01383250000001,\"longitude\":4.419355006694856,\"title\":\"La Fille des Vignes\",\"description\":\"\",\"location\":\"La Fille des Vignes\"}],\"align\":\"wide\",\"height\":\"400px\",\"zoomControl\":true,\"draggable\":true,\"hasCustomCSS\":false,\"customCSS\":\"\",\"TrpContentRestriction\":{\"restriction_type\":\"exclude\",\"selected_languages\":[],\"panel_open\":true},\"otterConditions\":[]} } );\n\t\/* ]]> *\/\n<\/script>\n\n\n\n<hr class=\"wp-block-separator has-text-color has-accent-color has-alpha-channel-opacity has-accent-background-color has-background\" style=\"margin-top:var(--wp--preset--spacing--70);margin-bottom:var(--wp--preset--spacing--70)\"\/>\n\n\n\n<h3 class=\"wp-block-heading has-text-align-center ticss-e3d98181 has-accent-color has-text-color has-link-color wp-elements-cd44fd362217630ae18ef6e4eae68dcd\"><strong>Contact du coin des pros&#8230;<\/strong><\/h3>\n\n\n\n<p class=\"has-text-align-center ticss-7118ab4e has-black-color has-text-color has-link-color wp-elements-3497a063342f8ddc8452b18dc5812ca2\">Vous \u00eates <strong>professionnel<\/strong> et vous souhaitez organiser un \u00e9v\u00e9nement d&rsquo;entreprise, un atelier, une conf\u00e9rence&#8230; ?<\/p>\n\n\n\n<div class=\"wp-block-buttons alignwide is-content-justification-center is-nowrap is-layout-flex wp-container-core-buttons-is-layout-f1d64adc wp-block-buttons-is-layout-flex\" style=\"margin-top:var(--wp--preset--spacing--70);margin-bottom:var(--wp--preset--spacing--70)\">\n<div class=\"wp-block-button has-custom-width wp-block-button__width-100 ticss-66c612ff is-style-outline is-style-outline--1\"><a class=\"wp-block-button__link has-accent-color has-white-background-color has-text-color has-background has-link-color wp-element-button\" href=\"https:\/\/restaurantlafilledesvignes.fr\/wp-content\/uploads\/2026\/01\/Plaquette-Commerciale-Fille-Des-Vignes-2026.pdf\" target=\"_blank\" rel=\"noreferrer noopener\"><strong>t\u00e9l\u00e9charger notre brochure<\/strong><\/a><\/div>\n<\/div>\n\n\n\n<p class=\"has-text-align-center ticss-7118ab4e has-black-color has-text-color has-link-color wp-elements-3152155bf37d26a3055023a47c3f970d\">Contactez-nous via le formulaire ci dessous, et nous vous r\u00e9pondrons dans les plus brefs d\u00e9lais !<\/p>\n\n\n<div class=\"wpforms-container wpforms-container-full ticss-32117fc0 wpforms-block wpforms-block-cb27b367-a514-4852-b2de-ac6058611a6b\" id=\"wpforms-1021\"><form id=\"wpforms-form-1021\" class=\"wpforms-validate wpforms-form wpforms-ajax-form\" data-formid=\"1021\" method=\"post\" enctype=\"multipart\/form-data\" action=\"\/en\/wp-json\/wp\/v2\/pages\/987\" data-token=\"80bc4524c93c50b064934784cadf79a4\" data-token-time=\"1778332579\"><noscript class=\"wpforms-error-noscript\">Please enable JavaScript in your browser to complete this form.<\/noscript><div class=\"wpforms-field-container\"><div id=\"wpforms-1021-field_1-container\" class=\"wpforms-field wpforms-field-name\" data-field-id=\"1\"><label class=\"wpforms-field-label\">Nom <span class=\"wpforms-required-label\">*<\/span><\/label><div class=\"wpforms-field-row wpforms-field-large\"><div class=\"wpforms-field-row-block wpforms-first wpforms-one-half\"><input type=\"text\" id=\"wpforms-1021-field_1\" class=\"wpforms-field-name-first wpforms-field-required\" name=\"wpforms[fields][1][first]\" required><label for=\"wpforms-1021-field_1\" class=\"wpforms-field-sublabel after\">First<\/label><\/div><div class=\"wpforms-field-row-block wpforms-one-half\"><input type=\"text\" id=\"wpforms-1021-field_1-last\" class=\"wpforms-field-name-last wpforms-field-required\" name=\"wpforms[fields][1][last]\" required><label for=\"wpforms-1021-field_1-last\" class=\"wpforms-field-sublabel after\">Last<\/label><\/div><\/div><\/div>\t\t<div id=\"wpforms-1021-field_4-container\"\n\t\t\tclass=\"wpforms-field wpforms-field-text\"\n\t\t\tdata-field-type=\"text\"\n\t\t\tdata-field-id=\"4\"\n\t\t\t>\n\t\t\t<label class=\"wpforms-field-label\" for=\"wpforms-1021-field_4\" >Commentaire message ou<\/label>\n\t\t\t<input type=\"text\" id=\"wpforms-1021-field_4\" class=\"wpforms-field-medium\" name=\"wpforms[fields][4]\" >\n\t\t<\/div>\n\t\t<div id=\"wpforms-1021-field_2-container\" class=\"wpforms-field wpforms-field-email\" data-field-id=\"2\"><label class=\"wpforms-field-label\" for=\"wpforms-1021-field_2\">E-mail <span class=\"wpforms-required-label\">*<\/span><\/label><input type=\"email\" id=\"wpforms-1021-field_2\" class=\"wpforms-field-large wpforms-field-required\" name=\"wpforms[fields][2]\" spellcheck=\"false\" required><\/div><div id=\"wpforms-1021-field_3-container\" class=\"wpforms-field wpforms-field-textarea\" data-field-id=\"3\"><label class=\"wpforms-field-label\" for=\"wpforms-1021-field_3\">Commentaire ou message<\/label><textarea id=\"wpforms-1021-field_3\" class=\"wpforms-field-medium\" name=\"wpforms[fields][3]\" ><\/textarea><\/div><script>\n\t\t\t\t( function() {\n\t\t\t\t\tconst style = document.createElement( 'style' );\n\t\t\t\t\tstyle.appendChild( document.createTextNode( '#wpforms-1021-field_4-container { position: absolute !important; overflow: hidden !important; display: inline !important; height: 1px !important; width: 1px !important; z-index: -1000 !important; padding: 0 !important; } #wpforms-1021-field_4-container input { visibility: hidden; } #wpforms-conversational-form-page #wpforms-1021-field_4-container label { counter-increment: none; }' ) );\n\t\t\t\t\tdocument.head.appendChild( style );\n\t\t\t\t\tdocument.currentScript?.remove();\n\t\t\t\t} )();\n\t\t\t<\/script><\/div><!-- .wpforms-field-container --><div class=\"wpforms-submit-container\" ><input type=\"hidden\" name=\"wpforms[id]\" value=\"1021\"><input type=\"hidden\" name=\"page_title\" value=\"\"><input type=\"hidden\" name=\"page_url\" value=\"https:\/\/restaurantlafilledesvignes.fr\/en\/wp-json\/wp\/v2\/pages\/987\"><input type=\"hidden\" name=\"url_referer\" value=\"\"><button type=\"submit\" name=\"wpforms[submit]\" id=\"wpforms-submit-1021\" class=\"wpforms-submit\" data-alt-text=\"Envoi...\" data-submit-text=\"Envoyer\" aria-live=\"assertive\" value=\"wpforms-submit\">Envoyer<\/button><img decoding=\"async\" src=\"https:\/\/restaurantlafilledesvignes.fr\/wp-content\/plugins\/wpforms-lite\/assets\/images\/submit-spin.svg\" class=\"wpforms-submit-spinner\" style=\"display: none;\" width=\"26\" height=\"26\" alt=\"Loading\"><\/div><\/form><\/div>  <!-- .wpforms-container -->\n\n\n<hr class=\"wp-block-separator has-text-color has-accent-color has-alpha-channel-opacity has-accent-background-color has-background is-style-default\" style=\"margin-top:var(--wp--preset--spacing--70);margin-bottom:var(--wp--preset--spacing--70)\"\/>\n\n\n\n<div class=\"wp-block-buttons alignwide is-content-justification-center is-nowrap is-layout-flex wp-container-core-buttons-is-layout-12a27398 wp-block-buttons-is-layout-flex\">\n<div class=\"wp-block-button has-custom-width wp-block-button__width-100 ticss-37883432 is-style-fill\"><a class=\"wp-block-button__link has-background-color-color has-accent-background-color has-text-color has-background has-link-color has-text-align-center wp-element-button\" href=\"https:\/\/restaurantlafilledesvignes.fr\/actualite\/\"><strong>\u00e9v\u00e9nements &amp; Actualit\u00e9<\/strong><\/a><\/div>\n<\/div>\n\n\n\n<hr class=\"wp-block-separator has-text-color has-accent-color has-alpha-channel-opacity has-accent-background-color has-background is-style-default\" style=\"margin-top:var(--wp--preset--spacing--70);margin-bottom:var(--wp--preset--spacing--70)\"\/>\n\n\n\n<p class=\"has-text-align-center ticss-95846532 has-black-color has-text-color has-link-color wp-elements-834d5df27b779c28e3c9ef4a5046ed08\">Venez nous suivre sur les r\u00e9seaux sociaux pour ne rien manquer de notre actualit\u00e9 !<\/p>\n\n\n\n<ul class=\"wp-block-social-links has-large-icon-size has-icon-color is-style-logos-only is-horizontal is-content-justification-center is-layout-flex wp-container-core-social-links-is-layout-03627597 wp-block-social-links-is-layout-flex\"><li style=\"color:#3c6242;\" class=\"wp-social-link wp-social-link-facebook has-accent-color wp-block-social-link\"><a rel=\"noopener nofollow\" target=\"_blank\" href=\"https:\/\/www.facebook.com\/p\/La-Fille-des-Vignes-100063533921475\/\" class=\"wp-block-social-link-anchor\"><svg width=\"24\" height=\"24\" viewBox=\"0 0 24 24\" version=\"1.1\" xmlns=\"http:\/\/www.w3.org\/2000\/svg\" aria-hidden=\"true\" focusable=\"false\"><path d=\"M12 2C6.5 2 2 6.5 2 12c0 5 3.7 9.1 8.4 9.9v-7H7.9V12h2.5V9.8c0-2.5 1.5-3.9 3.8-3.9 1.1 0 2.2.2 2.2.2v2.5h-1.3c-1.2 0-1.6.8-1.6 1.6V12h2.8l-.4 2.9h-2.3v7C18.3 21.1 22 17 22 12c0-5.5-4.5-10-10-10z\"><\/path><\/svg><span class=\"wp-block-social-link-label screen-reader-text\">Facebook<\/span><\/a><\/li>\n\n<li style=\"color:#3c6242;\" class=\"wp-social-link wp-social-link-instagram has-accent-color wp-block-social-link\"><a rel=\"noopener nofollow\" target=\"_blank\" href=\"https:\/\/www.instagram.com\/lafilledesvignes\/?hl=fr\" class=\"wp-block-social-link-anchor\"><svg width=\"24\" height=\"24\" viewBox=\"0 0 24 24\" version=\"1.1\" xmlns=\"http:\/\/www.w3.org\/2000\/svg\" aria-hidden=\"true\" focusable=\"false\"><path d=\"M12,4.622c2.403,0,2.688,0.009,3.637,0.052c0.877,0.04,1.354,0.187,1.671,0.31c0.42,0.163,0.72,0.358,1.035,0.673 c0.315,0.315,0.51,0.615,0.673,1.035c0.123,0.317,0.27,0.794,0.31,1.671c0.043,0.949,0.052,1.234,0.052,3.637 s-0.009,2.688-0.052,3.637c-0.04,0.877-0.187,1.354-0.31,1.671c-0.163,0.42-0.358,0.72-0.673,1.035 c-0.315,0.315-0.615,0.51-1.035,0.673c-0.317,0.123-0.794,0.27-1.671,0.31c-0.949,0.043-1.233,0.052-3.637,0.052 s-2.688-0.009-3.637-0.052c-0.877-0.04-1.354-0.187-1.671-0.31c-0.42-0.163-0.72-0.358-1.035-0.673 c-0.315-0.315-0.51-0.615-0.673-1.035c-0.123-0.317-0.27-0.794-0.31-1.671C4.631,14.688,4.622,14.403,4.622,12 s0.009-2.688,0.052-3.637c0.04-0.877,0.187-1.354,0.31-1.671c0.163-0.42,0.358-0.72,0.673-1.035 c0.315-0.315,0.615-0.51,1.035-0.673c0.317-0.123,0.794-0.27,1.671-0.31C9.312,4.631,9.597,4.622,12,4.622 M12,3 C9.556,3,9.249,3.01,8.289,3.054C7.331,3.098,6.677,3.25,6.105,3.472C5.513,3.702,5.011,4.01,4.511,4.511 c-0.5,0.5-0.808,1.002-1.038,1.594C3.25,6.677,3.098,7.331,3.054,8.289C3.01,9.249,3,9.556,3,12c0,2.444,0.01,2.751,0.054,3.711 c0.044,0.958,0.196,1.612,0.418,2.185c0.23,0.592,0.538,1.094,1.038,1.594c0.5,0.5,1.002,0.808,1.594,1.038 c0.572,0.222,1.227,0.375,2.185,0.418C9.249,20.99,9.556,21,12,21s2.751-0.01,3.711-0.054c0.958-0.044,1.612-0.196,2.185-0.418 c0.592-0.23,1.094-0.538,1.594-1.038c0.5-0.5,0.808-1.002,1.038-1.594c0.222-0.572,0.375-1.227,0.418-2.185 C20.99,14.751,21,14.444,21,12s-0.01-2.751-0.054-3.711c-0.044-0.958-0.196-1.612-0.418-2.185c-0.23-0.592-0.538-1.094-1.038-1.594 c-0.5-0.5-1.002-0.808-1.594-1.038c-0.572-0.222-1.227-0.375-2.185-0.418C14.751,3.01,14.444,3,12,3L12,3z M12,7.378 c-2.552,0-4.622,2.069-4.622,4.622S9.448,16.622,12,16.622s4.622-2.069,4.622-4.622S14.552,7.378,12,7.378z M12,15 c-1.657,0-3-1.343-3-3s1.343-3,3-3s3,1.343,3,3S13.657,15,12,15z M16.804,6.116c-0.596,0-1.08,0.484-1.08,1.08 s0.484,1.08,1.08,1.08c0.596,0,1.08-0.484,1.08-1.08S17.401,6.116,16.804,6.116z\"><\/path><\/svg><span class=\"wp-block-social-link-label screen-reader-text\">Instagram<\/span><\/a><\/li><\/ul>\n\n\n\n<hr class=\"wp-block-separator has-text-color has-accent-color has-alpha-channel-opacity has-accent-background-color has-background is-style-default\" style=\"margin-top:var(--wp--preset--spacing--70);margin-bottom:var(--wp--preset--spacing--70)\"\/>\n\n\n\n<p><\/p>\n","protected":false},"excerpt":{"rendered":"<p>Nous Trouver 18 place Albert 1er30700 UZES Nous Joindre 04 66 04 17 46restaurantfdv@outlook.fr Nous sommes ouverts tous les jours de 9h \u00e0 23h. Service du midi : Lundi, mardi, jeudi et vendredi : 12h &#8211; 14hMercredi et week-end : 12h &#8211; 14h30 Service du soir :Du lundi au vendredi [&hellip;]<\/p>\n","protected":false},"author":1,"featured_media":0,"parent":0,"menu_order":0,"comment_status":"closed","ping_status":"closed","template":"","meta":{"_themeisle_gutenberg_block_has_review":false,"footnotes":""},"class_list":["post-987","page","type-page","status-publish","hentry"],"aioseo_notices":[],"jetpack_sharing_enabled":true,"_links":{"self":[{"href":"https:\/\/restaurantlafilledesvignes.fr\/en\/wp-json\/wp\/v2\/pages\/987","targetHints":{"allow":["GET"]}}],"collection":[{"href":"https:\/\/restaurantlafilledesvignes.fr\/en\/wp-json\/wp\/v2\/pages"}],"about":[{"href":"https:\/\/restaurantlafilledesvignes.fr\/en\/wp-json\/wp\/v2\/types\/page"}],"author":[{"embeddable":true,"href":"https:\/\/restaurantlafilledesvignes.fr\/en\/wp-json\/wp\/v2\/users\/1"}],"replies":[{"embeddable":true,"href":"https:\/\/restaurantlafilledesvignes.fr\/en\/wp-json\/wp\/v2\/comments?post=987"}],"version-history":[{"count":0,"href":"https:\/\/restaurantlafilledesvignes.fr\/en\/wp-json\/wp\/v2\/pages\/987\/revisions"}],"wp:attachment":[{"href":"https:\/\/restaurantlafilledesvignes.fr\/en\/wp-json\/wp\/v2\/media?parent=987"}],"curies":[{"name":"wp","href":"https:\/\/api.w.org\/{rel}","templated":true}]}}