{"id":3,"date":"2024-11-21T10:26:16","date_gmt":"2024-11-21T10:26:16","guid":{"rendered":"http:\/\/restaurantlafilledesvignes.fr\/?page_id=3"},"modified":"2025-09-29T09:17:04","modified_gmt":"2025-09-29T09:17:04","slug":"privacy-policy","status":"publish","type":"page","link":"https:\/\/restaurantlafilledesvignes.fr\/en\/privacy-policy\/","title":{"rendered":"Confidentiality Policy"},"content":{"rendered":"<h3 class=\"wp-block-heading ticss-5dffa71d has-accent-color has-text-color has-link-color wp-elements-030a30dfaa6b955771f0446dbaaacb18\">Qui nous sommes<\/h3>\n\n\n\n<p class=\"has-black-color has-text-color has-link-color wp-elements-1f97a9db7b6eaff1a1a785034c6a3351\">L\u2019adresse de notre site web est : <a href=\"http:\/\/restaurantlafilledesvignes.fr\/en\/\">http:\/\/restaurantlafilledesvignes.fr<\/a>.<\/p>\n\n\n\n<h3 class=\"wp-block-heading ticss-7be09840 has-accent-color has-text-color has-link-color wp-elements-3b247be5e800596bb86f1274225a44a0\">Commentaires<\/h3>\n\n\n\n<p class=\"has-black-color has-text-color has-link-color wp-elements-5bf4b18610f64e589ae751d98567c4a7\">Lorsque les visiteurs laissent un commentaire sur le site, nous recueillons les informations indiqu\u00e9es dans le formulaire de commentaire, ainsi que l\u2019adresse IP du visiteur et la cha\u00eene d\u2019agent utilisateur du navigateur, afin de faciliter la d\u00e9tection des spams.<\/p>\n\n\n\n<p class=\"has-black-color has-text-color has-link-color wp-elements-6e4ec03f27cbf379455b5fa93aab789e\">Une cha\u00eene anonymis\u00e9e g\u00e9n\u00e9r\u00e9e \u00e0 partir de votre adresse e-mail (appel\u00e9e \u00e9galement \u00ab hash \u00bb) peut \u00eatre transmise au service Gravatar pour v\u00e9rifier si vous l\u2019utilisez. La politique de confidentialit\u00e9 de Gravatar est disponible ici : <a href=\"https:\/\/automattic.com\/privacy\/\">https:\/\/automattic.com\/privacy\/<\/a>.<\/p>\n\n\n\n<p class=\"has-black-color has-text-color has-link-color wp-elements-0ee560a82dd84fe3855245e60b3aabb5\">Une fois votre commentaire approuv\u00e9, votre photo de profil sera visible publiquement dans le cadre de ce commentaire.<\/p>\n\n\n\n<h3 class=\"wp-block-heading ticss-a9115d73 has-accent-color has-text-color has-link-color wp-elements-b8a1ba14c5c3731942bc8dc8c70c3917\">Media<\/h3>\n\n\n\n<p class=\"has-black-color has-text-color has-link-color wp-elements-23e44dbfed043a7a98b495ceb087ba52\">Si vous t\u00e9l\u00e9versez des images sur le site, \u00e9vitez d\u2019inclure des donn\u00e9es de localisation int\u00e9gr\u00e9es (EXIF GPS). Les visiteurs du site peuvent t\u00e9l\u00e9charger les images et en extraire ces informations de localisation.<\/p>\n\n\n\n<h3 class=\"wp-block-heading ticss-628cd3a0 has-accent-color has-text-color has-link-color wp-elements-0e5a035a5c0fb11337736d3c3cce9c1e\">Cookies<\/h3>\n\n\n\n<p class=\"has-black-color has-text-color has-link-color wp-elements-cc742f82823b74ba4e80c9ca30ea6ced\">Si vous d\u00e9posez un commentaire sur notre site, il vous sera propos\u00e9 d\u2019enregistrer votre nom, adresse e-mail et site dans des cookies. C\u2019est uniquement pour votre confort afin de ne pas avoir \u00e0 saisir ces informations si vous d\u00e9posez un autre commentaire plus tard. Ces cookies expirent au bout d\u2019un an.<\/p>\n\n\n\n<p class=\"has-black-color has-text-color has-link-color wp-elements-9d55d36e351870047cfb6dbd00a8bfc0\">Si vous vous rendez sur la page de connexion, un cookie temporaire sera cr\u00e9\u00e9 afin de d\u00e9terminer si votre navigateur accepte les cookies. Il ne contient pas de donn\u00e9es personnelles et sera supprim\u00e9 automatiquement \u00e0 la fermeture de votre navigateur.<\/p>\n\n\n\n<p class=\"has-black-color has-text-color has-link-color wp-elements-7d44a11f03b51f4e4a328af1b257303e\">Lorsque vous vous connecterez, nous mettrons en place un certain nombre de cookies pour enregistrer vos informations de connexion et vos pr\u00e9f\u00e9rences d\u2019\u00e9cran. La dur\u00e9e de vie d\u2019un cookie de connexion est de deux jours, celle d\u2019un cookie d\u2019option d\u2019\u00e9cran est d\u2019un an. Si vous cochez \u00ab&nbsp;Se souvenir de moi&nbsp;\u00bb, votre cookie de connexion sera conserv\u00e9 pendant deux semaines. Si vous vous d\u00e9connectez de votre compte, le cookie de connexion sera effac\u00e9.<\/p>\n\n\n\n<p class=\"has-black-color has-text-color has-link-color wp-elements-9af5bded182ae767a870a4d9ab28f3d9\">En modifiant ou en publiant une publication, un cookie suppl\u00e9mentaire sera enregistr\u00e9 dans votre navigateur. Ce cookie ne comprend aucune donn\u00e9e personnelle. Il indique simplement l\u2019ID de la publication que vous venez de modifier. Il expire au bout d\u2019un jour.<\/p>\n\n\n\n<h3 class=\"wp-block-heading ticss-d77e98e5 has-accent-color has-text-color has-link-color wp-elements-d09c397c1692afea89d2f5ed884d3ab1\">Contenu embarqu\u00e9 depuis d\u2019autres sites<\/h3>\n\n\n\n<p class=\"has-black-color has-text-color has-link-color wp-elements-9191c080d6446fc7d564f32b1abc1379\">Les articles de ce site peuvent inclure des contenus int\u00e9gr\u00e9s (par exemple des vid\u00e9os, images, articles\u2026). Le contenu int\u00e9gr\u00e9 depuis d\u2019autres sites se comporte de la m\u00eame mani\u00e8re que si le visiteur se rendait sur cet autre site.<\/p>\n\n\n\n<p class=\"has-black-color has-text-color has-link-color wp-elements-2ea5d87739b58b16d82f0d633a141264\">Ces sites web pourraient collecter des donn\u00e9es sur vous, utiliser des cookies, embarquer des outils de suivis tiers, suivre vos interactions avec ces contenus embarqu\u00e9s si vous disposez d\u2019un compte connect\u00e9 sur leur site web.<\/p>\n\n\n\n<h3 class=\"wp-block-heading ticss-3eb1d740 has-accent-color has-text-color has-link-color wp-elements-27d075a86a7d0c82c490257a9044d9ab\">Utilisation et transmission de vos donn\u00e9es personnelles<\/h3>\n\n\n\n<p class=\"has-black-color has-text-color has-link-color wp-elements-6a248a43b091f4ef91fe8a286b6af0a0\">Si vous demandez une r\u00e9initialisation de votre mot de passe, votre adresse IP sera incluse dans l\u2019e-mail de r\u00e9initialisation.<\/p>\n\n\n\n<h3 class=\"wp-block-heading ticss-d4ae09ff has-accent-color has-text-color has-link-color wp-elements-453ee151cadc27e694a26c38d92328a1\">Dur\u00e9es de stockage de vos donn\u00e9es<\/h3>\n\n\n\n<p class=\"has-black-color has-text-color has-link-color wp-elements-bc2413ecbe7531fa9817c03e4d3d8986\">Si vous laissez un commentaire, le commentaire et ses m\u00e9tadonn\u00e9es sont conserv\u00e9s ind\u00e9finiment. Cela permet de reconna\u00eetre et approuver automatiquement les commentaires suivants au lieu de les laisser dans la file de mod\u00e9ration.<\/p>\n\n\n\n<p class=\"has-black-color has-text-color has-link-color wp-elements-860260b9fb0a249bf4571026e55ddade\">Pour les comptes qui s\u2019inscrivent sur notre site (le cas \u00e9ch\u00e9ant), nous stockons \u00e9galement les donn\u00e9es personnelles indiqu\u00e9es dans leur profil. Tous les comptes peuvent voir, modifier ou supprimer leurs informations personnelles \u00e0 tout moment (\u00e0 l\u2019exception de leur identifiant). Les gestionnaires du site peuvent aussi voir et modifier ces informations.<\/p>\n\n\n\n<h3 class=\"wp-block-heading ticss-7e39947a has-accent-color has-text-color has-link-color wp-elements-69c44397c4807ac9a996d36dc1d19838\">Les droits que vous avez sur vos donn\u00e9es<\/h3>\n\n\n\n<p class=\"has-black-color has-text-color has-link-color wp-elements-e02e1392745ca2d84c8d42ee3a5fa43c\">Si vous avez un compte ou si vous avez laiss\u00e9 des commentaires sur le site, vous pouvez demander \u00e0 recevoir un fichier contenant toutes les donn\u00e9es personnelles que nous poss\u00e9dons \u00e0 votre sujet, incluant celles que vous nous avez fournies. Vous pouvez \u00e9galement demander la suppression des donn\u00e9es personnelles vous concernant. Cela ne prend pas en compte les donn\u00e9es stock\u00e9es \u00e0 des fins administratives, l\u00e9gales ou pour des raisons de s\u00e9curit\u00e9.<\/p>\n\n\n\n<h3 class=\"wp-block-heading ticss-9bf99797 has-accent-color has-text-color has-link-color wp-elements-0bef1170a560ce52c87b3f2512c87f8b\">O\u00f9 vos donn\u00e9es sont envoy\u00e9es<\/h3>\n\n\n\n<p class=\"has-black-color has-text-color has-link-color wp-elements-5b38c2561c35d9ea598f7b3b6938d187\">Les commentaires des visiteurs peuvent \u00eatre v\u00e9rifi\u00e9s \u00e0 l\u2019aide d\u2019un service automatis\u00e9 de d\u00e9tection des commentaires ind\u00e9sirables.<\/p>","protected":false},"excerpt":{"rendered":"<p>Qui nous sommes L\u2019adresse de notre site web est : http:\/\/restaurantlafilledesvignes.fr. Commentaires Lorsque les visiteurs laissent un commentaire sur le site, nous recueillons les informations indiqu\u00e9es dans le formulaire de commentaire, ainsi que l\u2019adresse IP du visiteur et la cha\u00eene d\u2019agent utilisateur du navigateur, afin de faciliter la d\u00e9tection des [&hellip;]<\/p>\n","protected":false},"author":1,"featured_media":0,"parent":0,"menu_order":0,"comment_status":"closed","ping_status":"open","template":"","meta":{"_themeisle_gutenberg_block_has_review":false,"footnotes":""},"class_list":["post-3","page","type-page","status-publish","hentry"],"aioseo_notices":[],"jetpack_sharing_enabled":true,"_links":{"self":[{"href":"https:\/\/restaurantlafilledesvignes.fr\/en\/wp-json\/wp\/v2\/pages\/3","targetHints":{"allow":["GET"]}}],"collection":[{"href":"https:\/\/restaurantlafilledesvignes.fr\/en\/wp-json\/wp\/v2\/pages"}],"about":[{"href":"https:\/\/restaurantlafilledesvignes.fr\/en\/wp-json\/wp\/v2\/types\/page"}],"author":[{"embeddable":true,"href":"https:\/\/restaurantlafilledesvignes.fr\/en\/wp-json\/wp\/v2\/users\/1"}],"replies":[{"embeddable":true,"href":"https:\/\/restaurantlafilledesvignes.fr\/en\/wp-json\/wp\/v2\/comments?post=3"}],"version-history":[{"count":0,"href":"https:\/\/restaurantlafilledesvignes.fr\/en\/wp-json\/wp\/v2\/pages\/3\/revisions"}],"wp:attachment":[{"href":"https:\/\/restaurantlafilledesvignes.fr\/en\/wp-json\/wp\/v2\/media?parent=3"}],"curies":[{"name":"wp","href":"https:\/\/api.w.org\/{rel}","templated":true}]}}