{"id":1696,"date":"2025-10-13T10:26:00","date_gmt":"2025-10-13T10:26:00","guid":{"rendered":"https:\/\/restaurantlafilledesvignes.fr\/?page_id=1696"},"modified":"2025-11-08T17:06:04","modified_gmt":"2025-11-08T17:06:04","slug":"mentions-legales","status":"publish","type":"page","link":"https:\/\/restaurantlafilledesvignes.fr\/en\/mentions-legales\/","title":{"rendered":"Legal Informations"},"content":{"rendered":"<p class=\"has-black-color has-text-color has-link-color wp-elements-a792b99d7af1856a7e5fa7275ad185ef\">Conform\u00e9ment aux dispositions de la loi n\u00b02004-575 du 21 juin 2004 pour la Confiance en l\u2019\u00e9conomie num\u00e9rique, il est port\u00e9 \u00e0 la connaissance des utilisateurs et visiteurs, ci-apr\u00e8s l&rsquo; \u00ab\u00a0<strong>Utilisateur<\/strong>\u00ab\u00a0, du site restaurantlafilledesvignes.fr , ci-apr\u00e8s le \u00ab\u00a0<strong>Site<\/strong>\u00ab\u00a0, les pr\u00e9sentes mentions l\u00e9gales.<\/p>\n\n\n\n<p class=\"has-black-color has-text-color has-link-color wp-elements-f24cc736123cba52e3cdab3c96ccf585\">La connexion et la navigation sur le Site par l\u2019Utilisateur implique acceptation int\u00e9grale et sans r\u00e9serve des pr\u00e9sentes mentions l\u00e9gales.<\/p>\n\n\n\n<p class=\"has-black-color has-text-color has-link-color wp-elements-259102b04bef341caa13123e80fb3a90\">Ces derni\u00e8res sont accessibles sur le Site \u00e0 la rubrique \u00ab\u00a0<strong>Mentions l\u00e9gales<\/strong>\u00ab\u00a0.<\/p>\n\n\n\n<h2 class=\"wp-block-heading ticss-b7234964 has-accent-color has-text-color has-link-color wp-elements-8f647b4843790ca9028393b44aeef408\"><strong>EDITION DU SITE<\/strong><\/h2>\n\n\n\n<p class=\"has-black-color has-text-color has-link-color wp-elements-d12242e2af3700cb0926fcf9bbeeb99c\">L&rsquo;\u00e9dition du Site est assur\u00e9e par la soci\u00e9t\u00e9 2GC, SARL au capital de 5000,00 euros, immatricul\u00e9e au Registre du Commerce et des Soci\u00e9t\u00e9s de N\u00eemes sous le num\u00e9ro 979400983 dont le si\u00e8ge social est situ\u00e9 au 18 B PLACE ALBERT 1ER, 30700 UZES,<br>&gt;&nbsp;<strong>Num\u00e9ro de t\u00e9l\u00e9phone&nbsp;<\/strong>: 04 66 04 17 46<br>&gt;&nbsp;<strong>Adresse e-mail&nbsp;<\/strong>: restaurantfdv@outlook.fr.<br>&gt;&nbsp;<strong>N\u00b0 de TVA intracommunautaire&nbsp;<\/strong>: FR17979400983 <br>&gt;&nbsp;<strong>Directeur de la publication&nbsp;<\/strong>: Christelle MUNOZ<\/p>\n\n\n\n<p class=\"has-black-color has-text-color has-link-color wp-elements-ddc2edb1ad65bb44114e0608f18c92fe\">ci-apr\u00e8s l'\u00a0\u00bb<strong>Editeur<\/strong>\u00ab\u00a0.<\/p>\n\n\n\n<h2 class=\"wp-block-heading ticss-a6e0cd9c has-accent-color has-text-color has-link-color wp-elements-e114a19e685006c24bcd318be273130a\"><strong>HEBERGEUR<\/strong><\/h2>\n\n\n\n<p class=\"has-black-color has-text-color has-link-color wp-elements-254d2a9dd02e4d88eda5ba93bcbc7898\">L&rsquo;h\u00e9bergeur du Site est la soci\u00e9t\u00e9 Hostinger, dont le si\u00e8ge social est situ\u00e9 \u00e0 \u0160vitrigailos str. 34, 03230 Vilnius, Lithuania .<\/p>\n\n\n\n<h2 class=\"wp-block-heading ticss-8cd5bff1 has-accent-color has-text-color has-link-color wp-elements-12f11dfd37341e78ce85e527c06d84fd\"><strong>ACCES AU SITE<\/strong><\/h2>\n\n\n\n<p class=\"has-black-color has-text-color has-link-color wp-elements-f7077b5da509e97c5e0f07d4fa616bd5\">Le Site est normalement accessible, \u00e0 tout moment, \u00e0 l&rsquo;Utilisateur. Toutefois, l&rsquo;Editeur pourra, \u00e0 tout moment, suspendre, limiter ou interrompre le Site afin de proc\u00e9der, notamment, \u00e0 des mises \u00e0 jour ou des modifications de son contenu. L&rsquo;Editeur ne pourra en aucun cas \u00eatre tenu responsable des cons\u00e9quences \u00e9ventuelles de cette indisponibilit\u00e9 sur les activit\u00e9s de l&rsquo;Utilisateur.<\/p>\n\n\n\n<h2 class=\"wp-block-heading ticss-85467852 has-accent-color has-text-color has-link-color wp-elements-6d69a4f141887162b7b57778b41c5fcf\"><strong>COLLECTE DES DONNEES<\/strong><\/h2>\n\n\n\n<p class=\"has-black-color has-text-color has-link-color wp-elements-058e0771b1b30cdf398d7a769dc85389\">Le Site assure \u00e0 l&rsquo;Utilisateur une collecte et un traitement des donn\u00e9es personnelles dans le respect de la vie priv\u00e9e conform\u00e9ment \u00e0 la loi n\u00b078-17 du 6 janvier 1978 relative \u00e0 l&rsquo;informatique, aux fichiers aux libert\u00e9s et dans le respect de la r\u00e8glementation applicable en mati\u00e8re de traitement des donn\u00e9es \u00e0 caract\u00e8re personnel conform\u00e9ment au r\u00e8glement (UE) 2016\/679 du Parlement europ\u00e9en et du Conseil du 27 avril 2016 (ci-apr\u00e8s, ensemble, la \u00ab\u00a0<strong>R\u00e8glementation applicable en mati\u00e8re de protection des Donn\u00e9es \u00e0 caract\u00e8re personnel<\/strong>\u00ab\u00a0).<\/p>\n\n\n\n<p class=\"has-black-color has-text-color has-link-color wp-elements-2ca135078cb248f3acd0b0e0d8335124\">En vertu de la R\u00e8glementation applicable en mati\u00e8re de protection des Donn\u00e9es \u00e0 caract\u00e8re personnel, l&rsquo;Utilisateur dispose d&rsquo;un droit d&rsquo;acc\u00e8s, de rectification, de suppression et d&rsquo;opposition de ses donn\u00e9es personnelles. L&rsquo;Utilisateur peut exercer ce droit :<\/p>\n\n\n\n<ul class=\"wp-block-list\">\n<li class=\"has-black-color has-text-color has-link-color wp-elements-63d291a93fea4f14667d66b3f403f7fc\">par mail \u00e0 l&rsquo;adresse email com.filledesvignes@gmail.com<\/li>\n<\/ul>\n\n\n\n<p class=\"has-black-color has-text-color has-link-color wp-elements-aab6cfb744a69214610ff432dfb6fdec\">Toute utilisation, reproduction, diffusion, commercialisation, modification de toute ou partie du Site, sans autorisation expresse de l\u2019Editeur est prohib\u00e9e et pourra entra\u00eener des actions et poursuites judiciaires telles que pr\u00e9vues par la r\u00e8glementation en vigueur.<\/p>\n\n\n\n<p class=\"has-black-color has-text-color has-link-color wp-elements-3830eb82cd737a8e7576b195bd03a5cf\">Pour plus d&rsquo;informations en mati\u00e8re de protection des donn\u00e9es \u00e0 caract\u00e8re personnel, se reporter \u00e0 la Politique de Confidentialit\u00e9 du site restaurantlafilledesvignes.fr accessible depuis la rubrique \u00ab\u00a0Politique de Confidentialit\u00e9\u00a0\u00bb.<br>Pour plus d&rsquo;informations en mati\u00e8re de cookies, se reporter \u00e0 la Charte en mati\u00e8re de cookies du site restaurantlafilledesvignes.fr accessible \u00e0 la rubrique \u00ab\u00a0Politique d&rsquo;Utilisation des Cookies\u00a0\u00bb<\/p>\n\n\n\n<p class=\"has-black-color has-text-color has-link-color wp-elements-389648b7649b4c0e55fa65e080019548\">R\u00e9dig\u00e9 sur http:\/\/legalplace.fr<\/p>","protected":false},"excerpt":{"rendered":"<p>Conform\u00e9ment aux dispositions de la loi n\u00b02004-575 du 21 juin 2004 pour la Confiance en l\u2019\u00e9conomie num\u00e9rique, il est port\u00e9 \u00e0 la connaissance des utilisateurs et visiteurs, ci-apr\u00e8s l&rsquo; \u00ab\u00a0Utilisateur\u00ab\u00a0, du site restaurantlafilledesvignes.fr , ci-apr\u00e8s le \u00ab\u00a0Site\u00ab\u00a0, les pr\u00e9sentes mentions l\u00e9gales. La connexion et la navigation sur le Site par [&hellip;]<\/p>\n","protected":false},"author":1,"featured_media":0,"parent":0,"menu_order":0,"comment_status":"closed","ping_status":"closed","template":"","meta":{"_themeisle_gutenberg_block_has_review":false,"footnotes":""},"class_list":["post-1696","page","type-page","status-publish","hentry"],"aioseo_notices":[],"jetpack_sharing_enabled":true,"_links":{"self":[{"href":"https:\/\/restaurantlafilledesvignes.fr\/en\/wp-json\/wp\/v2\/pages\/1696","targetHints":{"allow":["GET"]}}],"collection":[{"href":"https:\/\/restaurantlafilledesvignes.fr\/en\/wp-json\/wp\/v2\/pages"}],"about":[{"href":"https:\/\/restaurantlafilledesvignes.fr\/en\/wp-json\/wp\/v2\/types\/page"}],"author":[{"embeddable":true,"href":"https:\/\/restaurantlafilledesvignes.fr\/en\/wp-json\/wp\/v2\/users\/1"}],"replies":[{"embeddable":true,"href":"https:\/\/restaurantlafilledesvignes.fr\/en\/wp-json\/wp\/v2\/comments?post=1696"}],"version-history":[{"count":0,"href":"https:\/\/restaurantlafilledesvignes.fr\/en\/wp-json\/wp\/v2\/pages\/1696\/revisions"}],"wp:attachment":[{"href":"https:\/\/restaurantlafilledesvignes.fr\/en\/wp-json\/wp\/v2\/media?parent=1696"}],"curies":[{"name":"wp","href":"https:\/\/api.w.org\/{rel}","templated":true}]}}