{"id":1244,"date":"2025-09-29T08:22:45","date_gmt":"2025-09-29T08:22:45","guid":{"rendered":"https:\/\/restaurantlafilledesvignes.fr\/cookie-policy\/"},"modified":"2025-09-30T11:41:46","modified_gmt":"2025-09-30T11:41:46","slug":"cookie-policy","status":"publish","type":"page","link":"https:\/\/restaurantlafilledesvignes.fr\/en\/cookie-policy\/","title":{"rendered":"Politique d&rsquo;Utilisation des Cookies"},"content":{"rendered":"<p class=\"has-text-align-center has-black-color has-text-color has-link-color wp-elements-78572488bf885b6af67d4485e5a7291c\">Cette page fournit des informations d\u00e9taill\u00e9es sur la mani\u00e8re dont nous utilisons les cookies sur notre site afin d\u2019am\u00e9liorer votre exp\u00e9rience de navigation, d\u2019optimiser les performances du site et de proposer un contenu personnalis\u00e9. <\/p>\n\n\n\n<p class=\"has-text-align-center has-black-color has-text-color has-link-color wp-elements-fd741710052c5976af54c54afa9cccb1\">Les cookies sont de petits fichiers texte enregistr\u00e9s sur votre appareil lors de votre visite. Ils nous aident \u00e0 comprendre comment les visiteurs interagissent avec notre site, ce qui nous permet d\u2019offrir une exp\u00e9rience plus fluide et efficace. <\/p>\n\n\n\n<p class=\"has-text-align-center has-black-color has-text-color has-link-color wp-elements-2e5656a4bec794f0f6d5fd01934a9eda\">Dans le tableau ci-dessous, vous trouverez des informations pr\u00e9cises sur chaque type de cookie que nous utilisons, leur objectif et leur dur\u00e9e de conservation sur votre appareil. Nous nous engageons \u00e0 respecter votre vie priv\u00e9e et \u00e0 \u00eatre transparents quant aux donn\u00e9es collect\u00e9es par le biais des cookies.<\/p>\n\n\n\n<p class=\"has-text-align-center has-black-color has-text-color has-link-color wp-elements-abb8ae37103f6ae6c83a400a49305f99\"><div>Pour en savoir plus sur la gestion de vos donn\u00e9es personnelles, veuillez consulter notre <\/div><a href=\"https:\/\/restaurantlafilledesvignes.fr\/en\/privacy-policy\/\" title=\"Confidentiality Policy\">Politique de confidentialit\u00e9<\/a><span style=\"font-size: revert;\">.<\/span><\/p>\n\n\n<div class=\"wpconsent-cookie-policy\"><h2 class=\"wpconsent-cookie-category-name\">Essentiels<\/h2><p class=\"wpconsent-cookie-category-description\">Les cookies essentiels assurent les fonctionnalit\u00e9s de base et sont indispensables au bon fonctionnement du site web.<\/p><table class=\"wpconsent-cookie-policy-table\"><tr><th>Name<\/th><th>Description<\/th><th>Duration<\/th><\/tr><tr><td>wpconsent_preferences<\/td><td>Ces cookies sont utiles pour conserver les pr\u00e9f\u00e9rences de consentement de l&#039;utilisateur.<\/td><td>30 jours<\/td><\/tr><\/table><h2 class=\"wpconsent-cookie-category-name\">Marketing<\/h2><p class=\"wpconsent-cookie-category-description\">Les cookies marketing servent \u00e0 suivre les visiteurs sur les sites web. Leur objectif est de proposer des publicit\u00e9s pertinentes et attrayantes pour chaque utilisateur.<\/p><h3 class=\"wpconsent-cookie-service-name\">Google Analytics<\/h3><p class=\"wpconsent-cookie-service-description\">Google Analytics est un outil puissant qui suit et analyse le trafic du site Web pour des d\u00e9cisions marketing \u00e9clair\u00e9es.<\/p><a href=\"https:\/\/policies.google.com\/privacy\">Learn more<\/a><table class=\"wpconsent-cookie-policy-table\"><tr><th>Name<\/th><th>Description<\/th><th>Duration<\/th><\/tr><tr><td>_gac_<\/td><td>Contient des informations relatives aux campagnes de marketing de l&#039;utilisateur. Ceux-ci sont partag\u00e9s avec Google AdWords \/ Google Ads lorsque les comptes Google Ads et Google Analytics sont li\u00e9s ensemble.<\/td><td>90 jours<\/td><\/tr><tr><td>__utma<\/td><td>Identifiant utilis\u00e9 pour identifier les utilisateurs et les sessions<\/td><td>2 ans apr\u00e8s la derni\u00e8re activit\u00e9<\/td><\/tr><tr><td>__utmt<\/td><td>Utilis\u00e9 pour surveiller le nombre de demandes de serveur Google Analytics<\/td><td>10 minutes<\/td><\/tr><tr><td>__utmb<\/td><td>Utilis\u00e9 pour distinguer les nouvelles sessions et les visites. Ce cookie est d\u00e9fini lorsque la biblioth\u00e8que javascript GA.js est charg\u00e9e et qu&#039;il n&#039;y a pas de cookie Sessions et Visites existant. Le cookie est mis \u00e0 jour chaque fois que des donn\u00e9es sont envoy\u00e9es au serveur Google Analytics.<\/td><td>30 minutes apr\u00e8s la derni\u00e8re activit\u00e9<\/td><\/tr><tr><td>__utmc<\/td><td>Utilis\u00e9 uniquement avec les anciennes versions Urchin de Google Analytics et non avec GA.js. A \u00e9t\u00e9 utilis\u00e9 pour distinguer les nouvelles sessions et les visites \u00e0 la fin d&#039;une session.<\/td><td>Fin de la session sur le navigateur<\/td><\/tr><tr><td>__utmz<\/td><td>Contient des informations sur la source de trafic ou la campagne qui a dirig\u00e9 l&#039;utilisateur vers le site Web. Le cookie est d\u00e9fini lorsque le javascript GA.js est charg\u00e9 et mis \u00e0 jour lorsque les donn\u00e9es sont envoy\u00e9es au serveur Google Anaytics<\/td><td>6 mois apr\u00e8s la derni\u00e8re activit\u00e9<\/td><\/tr><tr><td>__utmv<\/td><td>Contient des informations personnalis\u00e9es d\u00e9finies par le d\u00e9veloppeur Web via la m\u00e9thode _setCustomVar dans Google Analytics. Ce cookie est mis \u00e0 jour chaque fois que de nouvelles donn\u00e9es sont envoy\u00e9es au serveur Google Analytics.<\/td><td>2 ans apr\u00e8s la derni\u00e8re activit\u00e9<\/td><\/tr><tr><td>__utmx<\/td><td>Utilis\u00e9 pour d\u00e9terminer si un utilisateur est inclus dans un test A \/ B ou multivari\u00e9.<\/td><td>18 mois<\/td><\/tr><tr><td>_ga<\/td><td>Identifiant utilis\u00e9 pour identifier les utilisateurs<\/td><td>2 ans<\/td><\/tr><tr><td>_gali<\/td><td>Utilis\u00e9 par Google Analytics pour d\u00e9terminer quels liens d&#039;une page sont cliqu\u00e9s<\/td><td>30 secondes<\/td><\/tr><tr><td>_ga_<\/td><td>Identifiant utilis\u00e9 pour identifier les utilisateurs<\/td><td>2 ans<\/td><\/tr><tr><td>_gid<\/td><td>ID utilis\u00e9 pour identifier les utilisateurs pendant 24 heures apr\u00e8s la derni\u00e8re activit\u00e9<\/td><td>24 heures<\/td><\/tr><tr><td>_gat<\/td><td>Utilis\u00e9 pour surveiller le nombre de demandes de serveur Google Analytics lors de l&#039;utilisation de Google Tag Manager<\/td><td>1 minute<\/td><\/tr><\/table><\/div>","protected":false},"excerpt":{"rendered":"<p>Cette page fournit des informations d\u00e9taill\u00e9es sur la mani\u00e8re dont nous utilisons les cookies sur notre site afin d\u2019am\u00e9liorer votre exp\u00e9rience de navigation, d\u2019optimiser les performances du site et de proposer un contenu personnalis\u00e9. Les cookies sont de petits fichiers texte enregistr\u00e9s sur votre appareil lors de votre visite. Ils [&hellip;]<\/p>\n","protected":false},"author":1,"featured_media":0,"parent":0,"menu_order":0,"comment_status":"closed","ping_status":"closed","template":"","meta":{"_themeisle_gutenberg_block_has_review":false,"footnotes":""},"class_list":["post-1244","page","type-page","status-publish","hentry"],"aioseo_notices":[],"jetpack_sharing_enabled":true,"_links":{"self":[{"href":"https:\/\/restaurantlafilledesvignes.fr\/en\/wp-json\/wp\/v2\/pages\/1244","targetHints":{"allow":["GET"]}}],"collection":[{"href":"https:\/\/restaurantlafilledesvignes.fr\/en\/wp-json\/wp\/v2\/pages"}],"about":[{"href":"https:\/\/restaurantlafilledesvignes.fr\/en\/wp-json\/wp\/v2\/types\/page"}],"author":[{"embeddable":true,"href":"https:\/\/restaurantlafilledesvignes.fr\/en\/wp-json\/wp\/v2\/users\/1"}],"replies":[{"embeddable":true,"href":"https:\/\/restaurantlafilledesvignes.fr\/en\/wp-json\/wp\/v2\/comments?post=1244"}],"version-history":[{"count":0,"href":"https:\/\/restaurantlafilledesvignes.fr\/en\/wp-json\/wp\/v2\/pages\/1244\/revisions"}],"wp:attachment":[{"href":"https:\/\/restaurantlafilledesvignes.fr\/en\/wp-json\/wp\/v2\/media?parent=1244"}],"curies":[{"name":"wp","href":"https:\/\/api.w.org\/{rel}","templated":true}]}}