{"id":1174,"date":"2025-09-26T09:48:55","date_gmt":"2025-09-26T09:48:55","guid":{"rendered":"https:\/\/restaurantlafilledesvignes.fr\/?page_id=1174"},"modified":"2026-04-14T13:00:08","modified_gmt":"2026-04-14T13:00:08","slug":"carte-restaurant","status":"publish","type":"page","link":"https:\/\/restaurantlafilledesvignes.fr\/en\/menus-du-moment\/carte-restaurant\/","title":{"rendered":"CARTE RESTAURANT :<br>Cuisine de Saison Unique et Savoureuse"},"content":{"rendered":"<p class=\"has-text-align-center ticss-9639634d has-black-color has-text-color has-link-color wp-elements-4b92c5acfa73580f8710384a774164cc\">Located in Uz\u00e8s, our restaurant emphasizes homemade dishes made from the finest local ingredients. Fresh and seasonal, each product is chosen with care to deliver true and balanced flavors.<\/p>\n\n\n\n<p class=\"has-text-align-center ticss-42cbef9b has-black-color has-text-color has-link-color wp-elements-4f17e1100eb066c8d561517260e3b029\">Our menu evolves with the seasons and new arrivals, offering a variety of dishes that reflect the richness of our region. Our approach is simple: respect the ingredients, highlight their natural flavors, and provide a culinary experience that stays true to their authenticity.<\/p>\n\n\n\n<hr class=\"wp-block-separator has-text-color has-accent-color has-alpha-channel-opacity has-accent-background-color has-background\" style=\"margin-top:var(--wp--preset--spacing--70);margin-bottom:var(--wp--preset--spacing--70)\"\/>\n\n\n\n<div class=\"wp-block-buttons alignwide is-content-justification-center is-nowrap is-layout-flex wp-container-core-buttons-is-layout-12a27398 wp-block-buttons-is-layout-flex\">\n<div class=\"wp-block-button has-custom-width wp-block-button__width-100 ticss-2f2e467c\"><a class=\"wp-block-button__link has-background-color-color has-accent-background-color has-text-color has-background has-link-color wp-element-button\" href=\"https:\/\/restaurantlafilledesvignes.fr\/wp-content\/uploads\/2026\/04\/Menu-Avril-2026-EN.pdf\" target=\"_blank\" rel=\"noreferrer noopener\"><strong>DOWNLOAD OUR MENU<\/strong><\/a><\/div>\n<\/div>\n\n\n\n<hr class=\"wp-block-separator has-text-color has-accent-color has-alpha-channel-opacity has-accent-background-color has-background\" style=\"margin-top:var(--wp--preset--spacing--70);margin-bottom:var(--wp--preset--spacing--70)\"\/>\n\n\n\n<div class=\"wp-block-columns alignwide is-not-stacked-on-mobile is-layout-flex wp-container-core-columns-is-layout-28f84493 wp-block-columns-is-layout-flex\">\n<div class=\"wp-block-column is-layout-flow wp-block-column-is-layout-flow\">\n<figure class=\"wp-block-image size-large ticss-5f4209bb\"><img decoding=\"async\" width=\"1024\" height=\"1024\" src=\"https:\/\/restaurantlafilledesvignes.fr\/wp-content\/uploads\/2024\/11\/21-1024x1024.jpg\" alt=\"Salade C\u00e9sar du restaurant La Fille des Vignes \u00e0 Uz\u00e8s\" class=\"wp-image-284\" srcset=\"https:\/\/restaurantlafilledesvignes.fr\/wp-content\/uploads\/2024\/11\/21-1024x1024.jpg 1024w, https:\/\/restaurantlafilledesvignes.fr\/wp-content\/uploads\/2024\/11\/21-300x300.jpg 300w, https:\/\/restaurantlafilledesvignes.fr\/wp-content\/uploads\/2024\/11\/21-150x150.jpg 150w, https:\/\/restaurantlafilledesvignes.fr\/wp-content\/uploads\/2024\/11\/21-768x768.jpg 768w, https:\/\/restaurantlafilledesvignes.fr\/wp-content\/uploads\/2024\/11\/21-1536x1536.jpg 1536w, https:\/\/restaurantlafilledesvignes.fr\/wp-content\/uploads\/2024\/11\/21-2048x2048.jpg 2048w\" sizes=\"(max-width: 1024px) 100vw, 1024px\" \/><figcaption class=\"wp-element-caption\">\u00a9Marie Lapaire &#8211; <a href=\"https:\/\/www.instagram.com\/marie_lapaire\/\" target=\"_blank\" rel=\"noopener\" title=\"@marie_lapaire\">@marie_lapaire<\/a><\/figcaption><\/figure>\n<\/div>\n\n\n\n<div class=\"wp-block-column is-layout-flow wp-block-column-is-layout-flow\">\n<figure class=\"wp-block-image size-large ticss-4b31859e\"><img decoding=\"async\" width=\"1024\" height=\"1024\" src=\"https:\/\/restaurantlafilledesvignes.fr\/wp-content\/uploads\/2025\/09\/Copie-de-54a-1024x1024.jpg\" alt=\"Bobun du restaurant La Fille des Vignes \u00e0 uz\u00e8s\" class=\"wp-image-1405\" srcset=\"https:\/\/restaurantlafilledesvignes.fr\/wp-content\/uploads\/2025\/09\/Copie-de-54a-1024x1024.jpg 1024w, https:\/\/restaurantlafilledesvignes.fr\/wp-content\/uploads\/2025\/09\/Copie-de-54a-300x300.jpg 300w, https:\/\/restaurantlafilledesvignes.fr\/wp-content\/uploads\/2025\/09\/Copie-de-54a-150x150.jpg 150w, https:\/\/restaurantlafilledesvignes.fr\/wp-content\/uploads\/2025\/09\/Copie-de-54a-768x768.jpg 768w, https:\/\/restaurantlafilledesvignes.fr\/wp-content\/uploads\/2025\/09\/Copie-de-54a-1536x1536.jpg 1536w, https:\/\/restaurantlafilledesvignes.fr\/wp-content\/uploads\/2025\/09\/Copie-de-54a.jpg 2000w\" sizes=\"(max-width: 1024px) 100vw, 1024px\" \/><figcaption class=\"wp-element-caption\">\u00a9Marie Lapaire &#8211; <a href=\"https:\/\/www.instagram.com\/marie_lapaire\/\" target=\"_blank\" rel=\"noopener\" title=\"@marie_lapaire\">@marie_lapaire<\/a><\/figcaption><\/figure>\n<\/div>\n\n\n\n<div class=\"wp-block-column is-layout-flow wp-block-column-is-layout-flow\">\n<figure class=\"wp-block-image size-large ticss-ed050e44\"><img decoding=\"async\" width=\"1024\" height=\"1024\" src=\"https:\/\/restaurantlafilledesvignes.fr\/wp-content\/uploads\/2024\/10\/25-1024x1024.jpg\" alt=\"Burger du S\u00e9gala du restaurant La Fille des Vignes \u00e0 uzes\" class=\"wp-image-174\" srcset=\"https:\/\/restaurantlafilledesvignes.fr\/wp-content\/uploads\/2024\/10\/25-1024x1024.jpg 1024w, https:\/\/restaurantlafilledesvignes.fr\/wp-content\/uploads\/2024\/10\/25-300x300.jpg 300w, https:\/\/restaurantlafilledesvignes.fr\/wp-content\/uploads\/2024\/10\/25-150x150.jpg 150w, https:\/\/restaurantlafilledesvignes.fr\/wp-content\/uploads\/2024\/10\/25-768x768.jpg 768w, https:\/\/restaurantlafilledesvignes.fr\/wp-content\/uploads\/2024\/10\/25-1536x1536.jpg 1536w, https:\/\/restaurantlafilledesvignes.fr\/wp-content\/uploads\/2024\/10\/25-2048x2048.jpg 2048w\" sizes=\"(max-width: 1024px) 100vw, 1024px\" \/><figcaption class=\"wp-element-caption\">\u00a9Marie Lapaire &#8211; <a href=\"https:\/\/www.instagram.com\/marie_lapaire\/\" target=\"_blank\" rel=\"noopener\" title=\"@marie_lapaire\">@marie_lapaire<\/a><\/figcaption><\/figure>\n<\/div>\n<\/div>\n\n\n\n<hr class=\"wp-block-separator has-text-color has-accent-color has-alpha-channel-opacity has-accent-background-color has-background\" style=\"margin-top:var(--wp--preset--spacing--70);margin-bottom:var(--wp--preset--spacing--70)\"\/>\n\n\n\n<p class=\"has-text-align-center ticss-940e1feb has-black-color has-text-color has-link-color wp-elements-f20b3045853ee4406cfcace01b428624\">Stay up to date and don't miss any of our upcoming events.<\/p>\n\n\n\n<ul class=\"wp-block-social-links has-large-icon-size has-icon-color is-style-logos-only is-horizontal is-content-justification-center is-layout-flex wp-container-core-social-links-is-layout-03627597 wp-block-social-links-is-layout-flex\"><li style=\"color:#3c6242;\" class=\"wp-social-link wp-social-link-facebook has-accent-color wp-block-social-link\"><a rel=\"noopener nofollow\" target=\"_blank\" href=\"https:\/\/www.facebook.com\/p\/La-Fille-des-Vignes-100063533921475\/\" class=\"wp-block-social-link-anchor\"><svg width=\"24\" height=\"24\" viewbox=\"0 0 24 24\" version=\"1.1\" xmlns=\"http:\/\/www.w3.org\/2000\/svg\" aria-hidden=\"true\" focusable=\"false\"><path d=\"M12 2C6.5 2 2 6.5 2 12c0 5 3.7 9.1 8.4 9.9v-7H7.9V12h2.5V9.8c0-2.5 1.5-3.9 3.8-3.9 1.1 0 2.2.2 2.2.2v2.5h-1.3c-1.2 0-1.6.8-1.6 1.6V12h2.8l-.4 2.9h-2.3v7C18.3 21.1 22 17 22 12c0-5.5-4.5-10-10-10z\"><\/path><\/svg><span class=\"wp-block-social-link-label screen-reader-text\">Facebook<\/span><\/a><\/li>\n\n<li style=\"color:#3c6242;\" class=\"wp-social-link wp-social-link-instagram has-accent-color wp-block-social-link\"><a rel=\"noopener nofollow\" target=\"_blank\" href=\"https:\/\/www.instagram.com\/lafilledesvignes\/?hl=fr\" class=\"wp-block-social-link-anchor\"><svg width=\"24\" height=\"24\" viewbox=\"0 0 24 24\" version=\"1.1\" xmlns=\"http:\/\/www.w3.org\/2000\/svg\" aria-hidden=\"true\" focusable=\"false\"><path d=\"M12,4.622c2.403,0,2.688,0.009,3.637,0.052c0.877,0.04,1.354,0.187,1.671,0.31c0.42,0.163,0.72,0.358,1.035,0.673 c0.315,0.315,0.51,0.615,0.673,1.035c0.123,0.317,0.27,0.794,0.31,1.671c0.043,0.949,0.052,1.234,0.052,3.637 s-0.009,2.688-0.052,3.637c-0.04,0.877-0.187,1.354-0.31,1.671c-0.163,0.42-0.358,0.72-0.673,1.035 c-0.315,0.315-0.615,0.51-1.035,0.673c-0.317,0.123-0.794,0.27-1.671,0.31c-0.949,0.043-1.233,0.052-3.637,0.052 s-2.688-0.009-3.637-0.052c-0.877-0.04-1.354-0.187-1.671-0.31c-0.42-0.163-0.72-0.358-1.035-0.673 c-0.315-0.315-0.51-0.615-0.673-1.035c-0.123-0.317-0.27-0.794-0.31-1.671C4.631,14.688,4.622,14.403,4.622,12 s0.009-2.688,0.052-3.637c0.04-0.877,0.187-1.354,0.31-1.671c0.163-0.42,0.358-0.72,0.673-1.035 c0.315-0.315,0.615-0.51,1.035-0.673c0.317-0.123,0.794-0.27,1.671-0.31C9.312,4.631,9.597,4.622,12,4.622 M12,3 C9.556,3,9.249,3.01,8.289,3.054C7.331,3.098,6.677,3.25,6.105,3.472C5.513,3.702,5.011,4.01,4.511,4.511 c-0.5,0.5-0.808,1.002-1.038,1.594C3.25,6.677,3.098,7.331,3.054,8.289C3.01,9.249,3,9.556,3,12c0,2.444,0.01,2.751,0.054,3.711 c0.044,0.958,0.196,1.612,0.418,2.185c0.23,0.592,0.538,1.094,1.038,1.594c0.5,0.5,1.002,0.808,1.594,1.038 c0.572,0.222,1.227,0.375,2.185,0.418C9.249,20.99,9.556,21,12,21s2.751-0.01,3.711-0.054c0.958-0.044,1.612-0.196,2.185-0.418 c0.592-0.23,1.094-0.538,1.594-1.038c0.5-0.5,0.808-1.002,1.038-1.594c0.222-0.572,0.375-1.227,0.418-2.185 C20.99,14.751,21,14.444,21,12s-0.01-2.751-0.054-3.711c-0.044-0.958-0.196-1.612-0.418-2.185c-0.23-0.592-0.538-1.094-1.038-1.594 c-0.5-0.5-1.002-0.808-1.594-1.038c-0.572-0.222-1.227-0.375-2.185-0.418C14.751,3.01,14.444,3,12,3L12,3z M12,7.378 c-2.552,0-4.622,2.069-4.622,4.622S9.448,16.622,12,16.622s4.622-2.069,4.622-4.622S14.552,7.378,12,7.378z M12,15 c-1.657,0-3-1.343-3-3s1.343-3,3-3s3,1.343,3,3S13.657,15,12,15z M16.804,6.116c-0.596,0-1.08,0.484-1.08,1.08 s0.484,1.08,1.08,1.08c0.596,0,1.08-0.484,1.08-1.08S17.401,6.116,16.804,6.116z\"><\/path><\/svg><span class=\"wp-block-social-link-label screen-reader-text\">Instagram<\/span><\/a><\/li><\/ul>\n\n\n\n<hr class=\"wp-block-separator has-text-color has-accent-color has-alpha-channel-opacity has-accent-background-color has-background\" style=\"margin-top:var(--wp--preset--spacing--70);margin-bottom:var(--wp--preset--spacing--70)\"\/>","protected":false},"excerpt":{"rendered":"<p>\u00c0 Uz\u00e8s, notre restaurant privil\u00e9gie une cuisine maison fond\u00e9e sur la qualit\u00e9 des produits du terroir. Frais et de saison, ils sont choisis avec soin afin de garantir des saveurs justes et \u00e9quilibr\u00e9es. La carte \u00e9volue ainsi au rythme des saisons et des arrivages, offrant une vari\u00e9t\u00e9 de plats qui [&hellip;]<\/p>\n","protected":false},"author":1,"featured_media":0,"parent":1354,"menu_order":0,"comment_status":"closed","ping_status":"closed","template":"","meta":{"_themeisle_gutenberg_block_has_review":false,"footnotes":""},"class_list":["post-1174","page","type-page","status-publish","hentry"],"aioseo_notices":[],"jetpack_sharing_enabled":true,"_links":{"self":[{"href":"https:\/\/restaurantlafilledesvignes.fr\/en\/wp-json\/wp\/v2\/pages\/1174","targetHints":{"allow":["GET"]}}],"collection":[{"href":"https:\/\/restaurantlafilledesvignes.fr\/en\/wp-json\/wp\/v2\/pages"}],"about":[{"href":"https:\/\/restaurantlafilledesvignes.fr\/en\/wp-json\/wp\/v2\/types\/page"}],"author":[{"embeddable":true,"href":"https:\/\/restaurantlafilledesvignes.fr\/en\/wp-json\/wp\/v2\/users\/1"}],"replies":[{"embeddable":true,"href":"https:\/\/restaurantlafilledesvignes.fr\/en\/wp-json\/wp\/v2\/comments?post=1174"}],"version-history":[{"count":0,"href":"https:\/\/restaurantlafilledesvignes.fr\/en\/wp-json\/wp\/v2\/pages\/1174\/revisions"}],"up":[{"embeddable":true,"href":"https:\/\/restaurantlafilledesvignes.fr\/en\/wp-json\/wp\/v2\/pages\/1354"}],"wp:attachment":[{"href":"https:\/\/restaurantlafilledesvignes.fr\/en\/wp-json\/wp\/v2\/media?parent=1174"}],"curies":[{"name":"wp","href":"https:\/\/api.w.org\/{rel}","templated":true}]}}