{"id":1065,"date":"2025-09-25T10:37:11","date_gmt":"2025-09-25T10:37:11","guid":{"rendered":"https:\/\/restaurantlafilledesvignes.fr\/?page_id=1065"},"modified":"2026-04-14T13:01:45","modified_gmt":"2026-04-14T13:01:45","slug":"evenements","status":"publish","type":"page","link":"https:\/\/restaurantlafilledesvignes.fr\/en\/evenements\/","title":{"rendered":"OUR LATEST EVENTS AND NEWS <br>La Fille des Vignes"},"content":{"rendered":"<hr class=\"wp-block-separator has-text-color has-accent-color has-alpha-channel-opacity has-accent-background-color has-background\" style=\"margin-top:var(--wp--preset--spacing--70);margin-bottom:var(--wp--preset--spacing--70)\"\/>\n\n\n\n<h3 class=\"wp-block-heading has-text-align-center ticss-09a21fb9 has-accent-color has-text-color has-link-color has-large-font-size wp-elements-01b777c9a56fe7ca95263deb5de97ad2\"><strong>Events All Year Round<\/strong><\/h3>\n\n\n\n<p class=\"has-text-align-center ticss-9bd50736 has-black-color has-text-color has-link-color wp-elements-91a41c27878de7adc9444349fe39c8ac\">To stay connected with the local community in Uz\u00e8s, we regularly organize creative workshops, talks, tastings, and cultural events. These occasions offer friendly, engaging, and enriching experiences. Guests can learn, share, and explore new passions in a warm, lively, and inspiring environment. Open to everyone, our events are also a great way to meet others and enjoy truly unique moments.<\/p>\n\n\n\n<hr class=\"wp-block-separator has-text-color has-accent-color has-alpha-channel-opacity has-accent-background-color has-background\" style=\"margin-top:var(--wp--preset--spacing--70);margin-bottom:var(--wp--preset--spacing--70)\"\/>\n\n\n\n<h3 class=\"wp-block-heading has-text-align-center ticss-5ef75537 has-accent-color has-text-color has-link-color has-large-font-size wp-elements-a8b60eb69ba439de601e333d088eaee9\"><strong>Our latest events<\/strong><\/h3>\n\n\n\n<p class=\"has-text-align-center ticss-7320608b has-black-color has-text-color has-link-color wp-elements-ce8786704fcebc02fe449ebce1be9974\" style=\"margin-top:var(--wp--preset--spacing--70);margin-bottom:var(--wp--preset--spacing--70)\">Explore the activities we organize at our restaurant and find out how to take part in the next events.&nbsp;<\/p>\n\n\n\n<p class=\"has-text-align-center ticss-d2c53299 has-black-color has-text-color has-link-color wp-elements-013800607ced21216507163004c35ed3\" style=\"margin-top:var(--wp--preset--spacing--70);margin-bottom:var(--wp--preset--spacing--70)\">Stay tuned, more events are coming very soon !<\/p>\n\n\n\n<div class=\"wp-block-columns alignfull are-vertically-aligned-center is-layout-flex wp-container-core-columns-is-layout-9c22b1e3 wp-block-columns-is-layout-flex\">\n<div class=\"wp-block-column is-vertically-aligned-center is-layout-flow wp-block-column-is-layout-flow\">\n<!-- Begin Brevo Form -->\n<!-- START - We recommend to place the below code in head tag of your website html  -->\n<style>\n  @font-face {\n    font-display: block;\n    font-family: Roboto;\n    src: url(https:\/\/assets.brevo.com\/font\/Roboto\/Latin\/normal\/normal\/7529907e9eaf8ebb5220c5f9850e3811.woff2) format(\"woff2\"), url(https:\/\/assets.brevo.com\/font\/Roboto\/Latin\/normal\/normal\/25c678feafdc175a70922a116c9be3e7.woff) format(\"woff\")\n  }\n\n  @font-face {\n    font-display: fallback;\n    font-family: Roboto;\n    font-weight: 600;\n    src: url(https:\/\/assets.brevo.com\/font\/Roboto\/Latin\/medium\/normal\/6e9caeeafb1f3491be3e32744bc30440.woff2) format(\"woff2\"), url(https:\/\/assets.brevo.com\/font\/Roboto\/Latin\/medium\/normal\/71501f0d8d5aa95960f6475d5487d4c2.woff) format(\"woff\")\n  }\n\n  @font-face {\n    font-display: fallback;\n    font-family: Roboto;\n    font-weight: 700;\n    src: url(https:\/\/assets.brevo.com\/font\/Roboto\/Latin\/bold\/normal\/3ef7cf158f310cf752d5ad08cd0e7e60.woff2) format(\"woff2\"), url(https:\/\/assets.brevo.com\/font\/Roboto\/Latin\/bold\/normal\/ece3a1d82f18b60bcce0211725c476aa.woff) format(\"woff\")\n  }\n\n  #sib-container input:-ms-input-placeholder {\n    text-align: left;\n    font-family: Helvetica, sans-serif;\n    color: #809382;\n  }\n\n  #sib-container input::placeholder {\n    text-align: left;\n    font-family: Helvetica, sans-serif;\n    color: #809382;\n  }\n\n  #sib-container textarea::placeholder {\n    text-align: left;\n    font-family: Helvetica, sans-serif;\n    color: #809382;\n  }\n\n  #sib-container a {\n    text-decoration: underline;\n    color: #000000;\n  }\n<\/style>\n<link rel=\"stylesheet\" href=\"https:\/\/sibforms.com\/forms\/end-form\/build\/sib-styles.css\">\n<!--  END - We recommend to place the above code in head tag of your website html -->\n\n<!-- START - We recommend to place the below code where you want the form in your website html  -->\n<div class=\"sib-form\" style=\"text-align: center;         background-color: transparent;                                 \">\n  <div id=\"sib-form-container\" class=\"sib-form-container\">\n    <div id=\"error-message\" class=\"sib-form-message-panel\" style=\"font-size:16px; text-align:left; font-family:Helvetica, sans-serif; color:#661d1d; background-color:#ffeded; border-radius:3px; border-color:#ff4949;max-width:540px;\">\n      <div class=\"sib-form-message-panel__text sib-form-message-panel__text--center\">\n        <svg viewbox=\"0 0 512 512\" class=\"sib-icon sib-notification__icon\">\n          <path d=\"M256 40c118.621 0 216 96.075 216 216 0 119.291-96.61 216-216 216-119.244 0-216-96.562-216-216 0-119.203 96.602-216 216-216m0-32C119.043 8 8 119.083 8 256c0 136.997 111.043 248 248 248s248-111.003 248-248C504 119.083 392.957 8 256 8zm-11.49 120h22.979c6.823 0 12.274 5.682 11.99 12.5l-7 168c-.268 6.428-5.556 11.5-11.99 11.5h-8.979c-6.433 0-11.722-5.073-11.99-11.5l-7-168c-.283-6.818 5.167-12.5 11.99-12.5zM256 340c-15.464 0-28 12.536-28 28s12.536 28 28 28 28-12.536 28-28-12.536-28-28-28z\" \/>\n        <\/svg>\n        <span class=\"sib-form-message-panel__inner-text\">\n                          Nous n&#039;avons pas pu confirmer votre inscription.\n                      <\/span>\n      <\/div>\n    <\/div>\n    <div><\/div>\n    <div id=\"success-message\" class=\"sib-form-message-panel\" style=\"font-size:16px; text-align:left; font-family:Helvetica, sans-serif; color:#085229; background-color:#e7faf0; border-radius:3px; border-color:#13ce66;max-width:540px;\">\n      <div class=\"sib-form-message-panel__text sib-form-message-panel__text--center\">\n        <svg viewbox=\"0 0 512 512\" class=\"sib-icon sib-notification__icon\">\n          <path d=\"M256 8C119.033 8 8 119.033 8 256s111.033 248 248 248 248-111.033 248-248S392.967 8 256 8zm0 464c-118.664 0-216-96.055-216-216 0-118.663 96.055-216 216-216 118.664 0 216 96.055 216 216 0 118.663-96.055 216-216 216zm141.63-274.961L217.15 376.071c-4.705 4.667-12.303 4.637-16.97-.068l-85.878-86.572c-4.667-4.705-4.637-12.303.068-16.97l8.52-8.451c4.705-4.667 12.303-4.637 16.97.068l68.976 69.533 163.441-162.13c4.705-4.667 12.303-4.637 16.97.068l8.451 8.52c4.668 4.705 4.637 12.303-.068 16.97z\" \/>\n        <\/svg>\n        <span class=\"sib-form-message-panel__inner-text\">\n                          Votre inscription est confirm\u00e9e.\n                      <\/span>\n      <\/div>\n    <\/div>\n    <div><\/div>\n    <div id=\"sib-container\" class=\"sib-container--large sib-container--vertical\" style=\"text-align:center; background-color:rgba(255,255,255,1); max-width:540px; border-radius:25px; border-width:5px; border-color:#d1e4d4; border-style:solid; direction:ltr\">\n      <form id=\"sib-form\" method=\"POST\" action=\"https:\/\/6ac8161b.sibforms.com\/serve\/MUIFACdDFsCkcB8xDr5ASvFs0pjgrnzZ9HZBpMFCnElrNDLx-VrTCvdFTF56nwqL0ddZGq6h3PjAC0gfXH1dVjg3EXj6twJSH1cZW1aVp7LP_Al59RDUOBwLNwTa2aKxToDBFT-eBtXjS8LnNVHfvS4rWTviXWwxS67kX7Va2q_LfBVI0hOeSgiHHcJ68FfSbPEmooxkOqFnlVaYYg==\" data-type=\"subscription\">\n        <div style=\"padding: 8px 0;\">\n          <div class=\"sib-form-block\" style=\"font-size:32px; text-align:left; font-weight:700; font-family:Helvetica, sans-serif; color:#3c6242; background-color:transparent; text-align:left\">\n            <p>Newsletter<\/p>\n          <\/div>\n        <\/div>\n        <div style=\"padding: 8px 0;\">\n          <div class=\"sib-form-block\" style=\"font-size:16px; text-align:left; font-family:Helvetica, sans-serif; color:#000000; background-color:transparent; text-align:left\">\n            <div class=\"sib-text-form-block\">\n              <p>Subscribe to our newsletter, and don't miss our next events.<\/p>\n            <\/div>\n          <\/div>\n        <\/div>\n        <div style=\"padding: 8px 0;\">\n          <div class=\"sib-input sib-form-block\">\n            <div class=\"form__entry entry_block\">\n              <div class=\"form__label-row\">\n                <label class=\"entry__label\" style=\"font-weight: 700; text-align:left; font-size:16px; text-align:left; font-weight:700; font-family:Helvetica, sans-serif; color:#000000;\" for=\"EMAIL\" data-required=\"*\">Your email adress :<\/label>\n\n                <div class=\"entry__field\">\n                  <input class=\"input\" type=\"text\" id=\"EMAIL\" name=\"EMAIL\" autocomplete=\"off\" placeholder=\"EMAIL\" data-required=\"true\" required \/>\n                <\/div>\n              <\/div>\n\n              <label class=\"entry__error entry__error--primary\" style=\"font-size:16px; text-align:left; font-family:Helvetica, sans-serif; color:#661d1d; background-color:#ffeded; border-radius:3px; border-color:#ff4949;\">\n              <\/label>\n              <label class=\"entry__specification\" style=\"font-size:12px; text-align:left; font-family:Helvetica, sans-serif; color:#809382; text-align:left\">\n                Please enter your email adress to sign-up. Ex : : abc@xyz.com\n              <\/label>\n            <\/div>\n          <\/div>\n        <\/div>\n        <div style=\"padding: 8px 0;\">\n          <div class=\"sib-captcha sib-form-block\">\n            <div class=\"form__entry entry_block\">\n              <div class=\"form__label-row\">\n                <script>\n                  function handleCaptchaResponse() {\n                    var event = new Event('captchaChange');\n                    document.getElementById('sib-captcha').dispatchEvent(event);\n                  }\n                <\/script>\n                <div class=\"g-recaptcha sib-visible-recaptcha\" id=\"sib-captcha\" data-sitekey=\"6LdwFkMsAAAAAK8uZ0KBY69Vx9NDX_Qtcbx5O3Gv\" data-callback=\"handleCaptchaResponse\" style=\"direction:ltr\"><\/div>\n              <\/div>\n              <label class=\"entry__error entry__error--primary\" style=\"font-size:16px; text-align:left; font-family:Helvetica, sans-serif; color:#661d1d; background-color:#ffeded; border-radius:3px; border-color:#ff4949;\">\n              <\/label>\n            <\/div>\n          <\/div>\n        <\/div>\n        <div style=\"padding: 8px 0;\">\n          <div class=\"sib-form-block\" style=\"text-align: center\">\n            <button class=\"sib-form-block__button sib-form-block__button-with-loader\" style=\"font-size:16px; text-align:center; font-weight:700; font-family:Helvetica, sans-serif; color:#FFFFFF; background-color:#3c6242; border-radius:20px; border-width:0px;\" form=\"sib-form\" type=\"submit\">\n              <svg class=\"icon clickable__icon progress-indicator__icon sib-hide-loader-icon\" viewbox=\"0 0 512 512\" style=\"\">\n                <path d=\"M460.116 373.846l-20.823-12.022c-5.541-3.199-7.54-10.159-4.663-15.874 30.137-59.886 28.343-131.652-5.386-189.946-33.641-58.394-94.896-95.833-161.827-99.676C261.028 55.961 256 50.751 256 44.352V20.309c0-6.904 5.808-12.337 12.703-11.982 83.556 4.306 160.163 50.864 202.11 123.677 42.063 72.696 44.079 162.316 6.031 236.832-3.14 6.148-10.75 8.461-16.728 5.01z\" \/>\n              <\/svg>\n              SIGN UP\n            <\/button>\n          <\/div>\n        <\/div>\n\n        <input type=\"text\" name=\"email_address_check\" value=\"\" class=\"input--hidden\">\n        <input type=\"hidden\" name=\"locale\" value=\"fr\">\n      <\/form>\n    <\/div>\n  <\/div>\n<\/div>\n<!-- END - We recommend to place the above code where you want the form in your website html  -->\n\n<!-- START - We recommend to place the below code in footer or bottom of your website html  -->\n<script>\n  window.REQUIRED_CODE_ERROR_MESSAGE = 'Veuillez choisir un code pays';\n  window.LOCALE = 'fr';\n  window.EMAIL_INVALID_MESSAGE = window.SMS_INVALID_MESSAGE = \"Les informations que vous avez fournies ne sont pas valides. Veuillez v\u00e9rifier le format du champ et r\u00e9essayer.\";\n\n  window.REQUIRED_ERROR_MESSAGE = \"Vous devez renseigner ce champ. \";\n\n  window.GENERIC_INVALID_MESSAGE = \"Les informations que vous avez fournies ne sont pas valides. Veuillez v\u00e9rifier le format du champ et r\u00e9essayer.\";\n\n\n\n\n  window.translation = {\n    common: {\n      selectedList: '{quantity} liste s\u00e9lectionn\u00e9e',\n      selectedLists: '{quantity} listes s\u00e9lectionn\u00e9es',\n      selectedOption: '{quantity} s\u00e9lectionn\u00e9',\n      selectedOptions: '{quantity} s\u00e9lectionn\u00e9s',\n    }\n  };\n\n  var AUTOHIDE = Boolean(0);\n<\/script>\n\n<script defer src=\"https:\/\/sibforms.com\/forms\/end-form\/build\/main.js\"><\/script>\n\n<script src=\"https:\/\/www.google.com\/recaptcha\/api.js?hl=fr\"><\/script>\n\n<!-- END - We recommend to place the above code in footer or bottom of your website html  -->\n<!-- End Brevo Form -->\n<\/div>\n\n\n\n<div class=\"wp-block-column is-vertically-aligned-center is-layout-flow wp-block-column-is-layout-flow\"><div class=\"is-style-boxed ticss-3ce97218 has-light-bg wp-block-themeisle-blocks-posts-grid\" id=\"wp-block-themeisle-blocks-posts-grid-3ce97218\"><div class=\"is-list\"><div class=\"o-posts-grid-post-blog o-posts-grid-post-plain\"><div class=\"o-posts-grid-post\"><div class=\"o-posts-grid-post-body is-full\"><h4 class=\"o-posts-grid-post-title\"><a href=\"https:\/\/restaurantlafilledesvignes.fr\/en\/24-avril-stand-up-derniere-date-de-la-saison\/\">24 Avril : Stand-Up, derni\u00e8re date de la saison<\/a><\/h4><\/div><\/div><\/div><div class=\"o-posts-grid-post-blog o-posts-grid-post-plain\"><div class=\"o-posts-grid-post\"><div class=\"o-posts-grid-post-body is-full\"><h4 class=\"o-posts-grid-post-title\"><a href=\"https:\/\/restaurantlafilledesvignes.fr\/en\/22-avril-5e-rencontre-de-la-parenthese-spirituelle\/\">22 Avril : 5e Rencontre de la Parenth\u00e8se Spirituelle<\/a><\/h4><\/div><\/div><\/div><div class=\"o-posts-grid-post-blog o-posts-grid-post-plain\"><div class=\"o-posts-grid-post\"><div class=\"o-posts-grid-post-body is-full\"><h4 class=\"o-posts-grid-post-title\"><a href=\"https:\/\/restaurantlafilledesvignes.fr\/en\/13-mars-5e-soiree-de-notre-comedy-cafe\/\">March 13th : 5th night of our Comedy Club<\/a><\/h4><\/div><\/div><\/div><div class=\"o-posts-grid-post-blog o-posts-grid-post-plain\"><div class=\"o-posts-grid-post\"><div class=\"o-posts-grid-post-body is-full\"><h4 class=\"o-posts-grid-post-title\"><a href=\"https:\/\/restaurantlafilledesvignes.fr\/en\/11-mars-4e-rencontre-de-la-parenthese-spirituelle\/\">March 11th : 4th edition of our spiritual pause<\/a><\/h4><\/div><\/div><\/div><div class=\"o-posts-grid-post-blog o-posts-grid-post-plain\"><div class=\"o-posts-grid-post\"><div class=\"o-posts-grid-post-body is-full\"><h4 class=\"o-posts-grid-post-title\"><a href=\"https:\/\/restaurantlafilledesvignes.fr\/en\/20-fevrier-4e-soiree-de-notre-comedy-cafe\/\">February 20th : 4th night of our Comedy Club<\/a><\/h4><\/div><\/div><\/div><\/div> <\/div><\/div>\n<\/div>\n\n\n\n<hr class=\"wp-block-separator has-text-color has-accent-color has-alpha-channel-opacity has-accent-background-color has-background\" style=\"margin-top:var(--wp--preset--spacing--70);margin-bottom:var(--wp--preset--spacing--70)\"\/>\n\n\n\n<h3 class=\"wp-block-heading has-text-align-center ticss-767edc90 has-accent-color has-text-color has-link-color has-large-font-size wp-elements-5d99413569293c44bddbf3703540c089\"><strong>Private and Professional events<\/strong><\/h3>\n\n\n\n<p class=\"has-text-align-center ticss-b5b957ba has-black-color has-text-color has-link-color wp-elements-875df466dacc4c0bbfcacb8eddba39c5\">Host your events in a welcoming and stylish space right in the heart of Uz\u00e8s. From meetings and seminars to business lunches, cocktail dinners, or birthday celebrations, our adjoining room can accommodate groups of 10 to 26 guests. It\u2019s an ideal setting to connect with colleagues, enjoy a friendly meal, or celebrate a memorable moment.<\/p>\n\n\n\n<div class=\"wp-block-columns alignwide is-not-stacked-on-mobile is-layout-flex wp-container-core-columns-is-layout-eae17e81 wp-block-columns-is-layout-flex\" style=\"margin-top:var(--wp--preset--spacing--70);margin-bottom:var(--wp--preset--spacing--70)\">\n<div class=\"wp-block-column is-layout-flow wp-block-column-is-layout-flow\">\n<figure class=\"wp-block-image size-full\"><img decoding=\"async\" width=\"2419\" height=\"2419\" src=\"https:\/\/restaurantlafilledesvignes.fr\/wp-content\/uploads\/2025\/10\/IMG_5026.jpeg\" alt=\"Salle annexe du restaurant La Fille des Vignes \u00e0 Uz\u00e8s\" class=\"wp-image-1746\" style=\"aspect-ratio:1;object-fit:cover\" srcset=\"https:\/\/restaurantlafilledesvignes.fr\/wp-content\/uploads\/2025\/10\/IMG_5026.jpeg 2419w, https:\/\/restaurantlafilledesvignes.fr\/wp-content\/uploads\/2025\/10\/IMG_5026-300x300.jpeg 300w, https:\/\/restaurantlafilledesvignes.fr\/wp-content\/uploads\/2025\/10\/IMG_5026-1024x1024.jpeg 1024w, https:\/\/restaurantlafilledesvignes.fr\/wp-content\/uploads\/2025\/10\/IMG_5026-150x150.jpeg 150w, https:\/\/restaurantlafilledesvignes.fr\/wp-content\/uploads\/2025\/10\/IMG_5026-768x768.jpeg 768w, https:\/\/restaurantlafilledesvignes.fr\/wp-content\/uploads\/2025\/10\/IMG_5026-1536x1536.jpeg 1536w, https:\/\/restaurantlafilledesvignes.fr\/wp-content\/uploads\/2025\/10\/IMG_5026-2048x2048.jpeg 2048w\" sizes=\"(max-width: 2419px) 100vw, 2419px\" \/><\/figure>\n<\/div>\n\n\n\n<div class=\"wp-block-column is-layout-flow wp-block-column-is-layout-flow\">\n<figure class=\"wp-block-image size-large\"><img decoding=\"async\" width=\"1024\" height=\"1024\" src=\"https:\/\/restaurantlafilledesvignes.fr\/wp-content\/uploads\/2025\/10\/Image-1-1024x1024.jpg\" alt=\"Salle annexe du resto La Fille des Vignes \u00e0 uzes\" class=\"wp-image-1743\" style=\"aspect-ratio:1;object-fit:cover\" srcset=\"https:\/\/restaurantlafilledesvignes.fr\/wp-content\/uploads\/2025\/10\/Image-1-1024x1024.jpg 1024w, https:\/\/restaurantlafilledesvignes.fr\/wp-content\/uploads\/2025\/10\/Image-1-300x300.jpg 300w, https:\/\/restaurantlafilledesvignes.fr\/wp-content\/uploads\/2025\/10\/Image-1-150x150.jpg 150w, https:\/\/restaurantlafilledesvignes.fr\/wp-content\/uploads\/2025\/10\/Image-1-768x768.jpg 768w, https:\/\/restaurantlafilledesvignes.fr\/wp-content\/uploads\/2025\/10\/Image-1.jpg 1507w\" sizes=\"(max-width: 1024px) 100vw, 1024px\" \/><\/figure>\n<\/div>\n\n\n\n<div class=\"wp-block-column is-layout-flow wp-block-column-is-layout-flow\">\n<figure class=\"wp-block-image size-large\"><img decoding=\"async\" width=\"768\" height=\"1024\" src=\"https:\/\/restaurantlafilledesvignes.fr\/wp-content\/uploads\/2024\/10\/img_0831-768x1024.jpg\" alt=\"Buffet \u00e9v\u00e9nements que propose le restaurant la fille des vignes \u00e0 uz\u00e8s\" class=\"wp-image-202\" style=\"aspect-ratio:1;object-fit:cover\" srcset=\"https:\/\/restaurantlafilledesvignes.fr\/wp-content\/uploads\/2024\/10\/img_0831-768x1024.jpg 768w, https:\/\/restaurantlafilledesvignes.fr\/wp-content\/uploads\/2024\/10\/img_0831-225x300.jpg 225w, https:\/\/restaurantlafilledesvignes.fr\/wp-content\/uploads\/2024\/10\/img_0831-1152x1536.jpg 1152w, https:\/\/restaurantlafilledesvignes.fr\/wp-content\/uploads\/2024\/10\/img_0831-1536x2048.jpg 1536w, https:\/\/restaurantlafilledesvignes.fr\/wp-content\/uploads\/2024\/10\/img_0831-scaled.jpg 1920w\" sizes=\"(max-width: 768px) 100vw, 768px\" \/><\/figure>\n<\/div>\n<\/div>\n\n\n\n<hr class=\"wp-block-separator has-text-color has-accent-color has-alpha-channel-opacity has-accent-background-color has-background\" style=\"margin-top:var(--wp--preset--spacing--70);margin-bottom:var(--wp--preset--spacing--70)\"\/>\n\n\n\n<h3 class=\"wp-block-heading has-text-align-center ticss-7557e229 has-accent-color has-text-color has-link-color has-large-font-size wp-elements-c521a0c4e1dc042c9f5849b42991cfe2\"><strong>More informations<\/strong><\/h3>\n\n\n\n<p class=\"has-text-align-center ticss-d929c8db has-black-color has-text-color has-link-color wp-elements-33891337ef70b33c28fdc4fb4f1e01cc\">Interested in hosting a workshop in our space ? Need more details about our rates ? Or just want to reserve the adjoining room ?<\/p>\n\n\n\n<div class=\"wp-block-buttons alignwide is-content-justification-center is-nowrap is-layout-flex wp-container-core-buttons-is-layout-12a27398 wp-block-buttons-is-layout-flex\">\n<div class=\"wp-block-button has-custom-width wp-block-button__width-100 ticss-afbabd2b\"><a class=\"wp-block-button__link has-accent-background-color has-background has-text-align-center wp-element-button\" href=\"https:\/\/restaurantlafilledesvignes.fr\/en\/contact\/\"><strong>contact us<\/strong><\/a><\/div>\n<\/div>\n\n\n\n<hr class=\"wp-block-separator has-text-color has-accent-color has-alpha-channel-opacity has-accent-background-color has-background\" style=\"margin-top:var(--wp--preset--spacing--70);margin-bottom:var(--wp--preset--spacing--70)\"\/>\n\n\n\n<p class=\"has-text-align-center ticss-9bd9da86 has-black-color has-text-color has-link-color wp-elements-b59477d8bf7e1702deabea9fc8be9b7c\">Stay up to date and don't miss any of our upcoming events.<\/p>\n\n\n\n<ul class=\"wp-block-social-links has-large-icon-size has-icon-color is-style-logos-only is-horizontal is-content-justification-center is-layout-flex wp-container-core-social-links-is-layout-03627597 wp-block-social-links-is-layout-flex\"><li style=\"color:#3c6242;\" class=\"wp-social-link wp-social-link-facebook has-accent-color wp-block-social-link\"><a rel=\"noopener nofollow\" target=\"_blank\" href=\"https:\/\/www.facebook.com\/p\/La-Fille-des-Vignes-100063533921475\/\" class=\"wp-block-social-link-anchor\"><svg width=\"24\" height=\"24\" viewbox=\"0 0 24 24\" version=\"1.1\" xmlns=\"http:\/\/www.w3.org\/2000\/svg\" aria-hidden=\"true\" focusable=\"false\"><path d=\"M12 2C6.5 2 2 6.5 2 12c0 5 3.7 9.1 8.4 9.9v-7H7.9V12h2.5V9.8c0-2.5 1.5-3.9 3.8-3.9 1.1 0 2.2.2 2.2.2v2.5h-1.3c-1.2 0-1.6.8-1.6 1.6V12h2.8l-.4 2.9h-2.3v7C18.3 21.1 22 17 22 12c0-5.5-4.5-10-10-10z\"><\/path><\/svg><span class=\"wp-block-social-link-label screen-reader-text\">Facebook<\/span><\/a><\/li>\n\n<li style=\"color:#3c6242;\" class=\"wp-social-link wp-social-link-instagram has-accent-color wp-block-social-link\"><a rel=\"noopener nofollow\" target=\"_blank\" href=\"https:\/\/www.instagram.com\/lafilledesvignes\/?hl=fr\" class=\"wp-block-social-link-anchor\"><svg width=\"24\" height=\"24\" viewbox=\"0 0 24 24\" version=\"1.1\" xmlns=\"http:\/\/www.w3.org\/2000\/svg\" aria-hidden=\"true\" focusable=\"false\"><path d=\"M12,4.622c2.403,0,2.688,0.009,3.637,0.052c0.877,0.04,1.354,0.187,1.671,0.31c0.42,0.163,0.72,0.358,1.035,0.673 c0.315,0.315,0.51,0.615,0.673,1.035c0.123,0.317,0.27,0.794,0.31,1.671c0.043,0.949,0.052,1.234,0.052,3.637 s-0.009,2.688-0.052,3.637c-0.04,0.877-0.187,1.354-0.31,1.671c-0.163,0.42-0.358,0.72-0.673,1.035 c-0.315,0.315-0.615,0.51-1.035,0.673c-0.317,0.123-0.794,0.27-1.671,0.31c-0.949,0.043-1.233,0.052-3.637,0.052 s-2.688-0.009-3.637-0.052c-0.877-0.04-1.354-0.187-1.671-0.31c-0.42-0.163-0.72-0.358-1.035-0.673 c-0.315-0.315-0.51-0.615-0.673-1.035c-0.123-0.317-0.27-0.794-0.31-1.671C4.631,14.688,4.622,14.403,4.622,12 s0.009-2.688,0.052-3.637c0.04-0.877,0.187-1.354,0.31-1.671c0.163-0.42,0.358-0.72,0.673-1.035 c0.315-0.315,0.615-0.51,1.035-0.673c0.317-0.123,0.794-0.27,1.671-0.31C9.312,4.631,9.597,4.622,12,4.622 M12,3 C9.556,3,9.249,3.01,8.289,3.054C7.331,3.098,6.677,3.25,6.105,3.472C5.513,3.702,5.011,4.01,4.511,4.511 c-0.5,0.5-0.808,1.002-1.038,1.594C3.25,6.677,3.098,7.331,3.054,8.289C3.01,9.249,3,9.556,3,12c0,2.444,0.01,2.751,0.054,3.711 c0.044,0.958,0.196,1.612,0.418,2.185c0.23,0.592,0.538,1.094,1.038,1.594c0.5,0.5,1.002,0.808,1.594,1.038 c0.572,0.222,1.227,0.375,2.185,0.418C9.249,20.99,9.556,21,12,21s2.751-0.01,3.711-0.054c0.958-0.044,1.612-0.196,2.185-0.418 c0.592-0.23,1.094-0.538,1.594-1.038c0.5-0.5,0.808-1.002,1.038-1.594c0.222-0.572,0.375-1.227,0.418-2.185 C20.99,14.751,21,14.444,21,12s-0.01-2.751-0.054-3.711c-0.044-0.958-0.196-1.612-0.418-2.185c-0.23-0.592-0.538-1.094-1.038-1.594 c-0.5-0.5-1.002-0.808-1.594-1.038c-0.572-0.222-1.227-0.375-2.185-0.418C14.751,3.01,14.444,3,12,3L12,3z M12,7.378 c-2.552,0-4.622,2.069-4.622,4.622S9.448,16.622,12,16.622s4.622-2.069,4.622-4.622S14.552,7.378,12,7.378z M12,15 c-1.657,0-3-1.343-3-3s1.343-3,3-3s3,1.343,3,3S13.657,15,12,15z M16.804,6.116c-0.596,0-1.08,0.484-1.08,1.08 s0.484,1.08,1.08,1.08c0.596,0,1.08-0.484,1.08-1.08S17.401,6.116,16.804,6.116z\"><\/path><\/svg><span class=\"wp-block-social-link-label screen-reader-text\">Instagram<\/span><\/a><\/li><\/ul>\n\n\n\n<hr class=\"wp-block-separator has-text-color has-accent-color has-alpha-channel-opacity has-accent-background-color has-background\" style=\"margin-top:var(--wp--preset--spacing--70);margin-bottom:var(--wp--preset--spacing--70)\"\/>","protected":false},"excerpt":{"rendered":"<p>Des animations toute l&rsquo;ann\u00e9e Parce que nous voulons participer \u00e0 la vie locale \u00e0 Uz\u00e8s, nous organisons r\u00e9guli\u00e8rement des ateliers cr\u00e9atifs, des conf\u00e9rences, des d\u00e9gustations et divers \u00e9v\u00e9nements culturels. Ainsi, ces rendez-vous offrent des moments conviviaux et des exp\u00e9riences simples mais enrichissantes. Chacun peut donc apprendre, partager et d\u00e9couvrir de [&hellip;]<\/p>\n","protected":false},"author":1,"featured_media":0,"parent":0,"menu_order":0,"comment_status":"closed","ping_status":"closed","template":"","meta":{"_themeisle_gutenberg_block_has_review":false,"footnotes":""},"class_list":["post-1065","page","type-page","status-publish","hentry"],"aioseo_notices":[],"jetpack_sharing_enabled":true,"_links":{"self":[{"href":"https:\/\/restaurantlafilledesvignes.fr\/en\/wp-json\/wp\/v2\/pages\/1065","targetHints":{"allow":["GET"]}}],"collection":[{"href":"https:\/\/restaurantlafilledesvignes.fr\/en\/wp-json\/wp\/v2\/pages"}],"about":[{"href":"https:\/\/restaurantlafilledesvignes.fr\/en\/wp-json\/wp\/v2\/types\/page"}],"author":[{"embeddable":true,"href":"https:\/\/restaurantlafilledesvignes.fr\/en\/wp-json\/wp\/v2\/users\/1"}],"replies":[{"embeddable":true,"href":"https:\/\/restaurantlafilledesvignes.fr\/en\/wp-json\/wp\/v2\/comments?post=1065"}],"version-history":[{"count":0,"href":"https:\/\/restaurantlafilledesvignes.fr\/en\/wp-json\/wp\/v2\/pages\/1065\/revisions"}],"wp:attachment":[{"href":"https:\/\/restaurantlafilledesvignes.fr\/en\/wp-json\/wp\/v2\/media?parent=1065"}],"curies":[{"name":"wp","href":"https:\/\/api.w.org\/{rel}","templated":true}]}}